{"id":6318,"date":"2025-07-16T11:06:43","date_gmt":"2025-07-16T11:06:43","guid":{"rendered":"https:\/\/letempsjadisauction.com\/?post_type=product&#038;p=6318"},"modified":"2025-07-30T07:37:57","modified_gmt":"2025-07-30T07:37:57","slug":"189-anonyme-coffret-marqueterie-florale","status":"publish","type":"product","link":"https:\/\/letempsjadisauction.com\/en\/auction\/189-anonyme-coffret-marqueterie-florale\/","title":{"rendered":"189-Anonyme \u2013 Coffret marqueterie florale"},"content":{"rendered":"<p>Anonyme, coffret orn\u00e9 de marqueterie florale en laiton, l\u2019int\u00e9rieur est gain\u00e9 de velours bleu, 20eme si\u00e8cle, 45.5 x 30 x 31 cm<\/p>","protected":false},"excerpt":{"rendered":"<p>Anonyme \u2013 Coffret marqueterie florale  <\/p>","protected":false},"featured_media":6077,"template":"","meta":{"_acf_changed":false,"inline_featured_image":false},"online_sale":[58],"product_brand":[],"product_cat":[18],"product_tag":[],"class_list":{"0":"post-6318","1":"product","2":"type-product","3":"status-publish","4":"has-post-thumbnail","6":"online_sale-juillet-2025","7":"product_cat-non-classe","9":"first","10":"instock","11":"shipping-taxable","12":"purchasable","13":"product-type-auction"},"acf":[],"_links":{"self":[{"href":"https:\/\/letempsjadisauction.com\/en\/wp-json\/wp\/v2\/product\/6318","targetHints":{"allow":["GET"]}}],"collection":[{"href":"https:\/\/letempsjadisauction.com\/en\/wp-json\/wp\/v2\/product"}],"about":[{"href":"https:\/\/letempsjadisauction.com\/en\/wp-json\/wp\/v2\/types\/product"}],"wp:featuredmedia":[{"embeddable":true,"href":"https:\/\/letempsjadisauction.com\/en\/wp-json\/wp\/v2\/media\/6077"}],"wp:attachment":[{"href":"https:\/\/letempsjadisauction.com\/en\/wp-json\/wp\/v2\/media?parent=6318"}],"wp:term":[{"taxonomy":"online_sale","embeddable":true,"href":"https:\/\/letempsjadisauction.com\/en\/wp-json\/wp\/v2\/online_sale?post=6318"},{"taxonomy":"product_brand","embeddable":true,"href":"https:\/\/letempsjadisauction.com\/en\/wp-json\/wp\/v2\/product_brand?post=6318"},{"taxonomy":"product_cat","embeddable":true,"href":"https:\/\/letempsjadisauction.com\/en\/wp-json\/wp\/v2\/product_cat?post=6318"},{"taxonomy":"product_tag","embeddable":true,"href":"https:\/\/letempsjadisauction.com\/en\/wp-json\/wp\/v2\/product_tag?post=6318"}],"curies":[{"name":"wp","href":"https:\/\/api.w.org\/{rel}","templated":true}]}}