{"id":6322,"date":"2025-07-16T11:06:43","date_gmt":"2025-07-16T11:06:43","guid":{"rendered":"https:\/\/letempsjadisauction.com\/?post_type=product&#038;p=6322"},"modified":"2025-07-30T16:24:02","modified_gmt":"2025-07-30T16:24:02","slug":"193-val-saint-lambert-verres-pointes-de-diamants","status":"publish","type":"product","link":"https:\/\/letempsjadisauction.com\/en\/auction\/193-val-saint-lambert-verres-pointes-de-diamants\/","title":{"rendered":"193-Val-Saint-Lambert (?) \u2013 Verres pointes de diamants"},"content":{"rendered":"<p>Val-Saint-Lambert (?), ensemble de verre mod\u00e8le pointes de diamants compos\u00e9 de 8 verres \u00e0 vin rouges, 3 verres \u00e0 vin blanc, 13 coupes, cristal taill\u00e9, 15 cm, 13,5 cm, 12,5 cm<\/p>","protected":false},"excerpt":{"rendered":"<p>Val-Saint-Lambert (?) \u2013 Verres pointes de diamants<\/p>","protected":false},"featured_media":6088,"template":"","meta":{"_acf_changed":false,"inline_featured_image":false},"online_sale":[58],"product_brand":[],"product_cat":[18],"product_tag":[],"class_list":{"0":"post-6322","1":"product","2":"type-product","3":"status-publish","4":"has-post-thumbnail","6":"online_sale-juillet-2025","7":"product_cat-non-classe","9":"first","10":"instock","11":"shipping-taxable","12":"purchasable","13":"product-type-auction"},"acf":[],"_links":{"self":[{"href":"https:\/\/letempsjadisauction.com\/en\/wp-json\/wp\/v2\/product\/6322","targetHints":{"allow":["GET"]}}],"collection":[{"href":"https:\/\/letempsjadisauction.com\/en\/wp-json\/wp\/v2\/product"}],"about":[{"href":"https:\/\/letempsjadisauction.com\/en\/wp-json\/wp\/v2\/types\/product"}],"wp:featuredmedia":[{"embeddable":true,"href":"https:\/\/letempsjadisauction.com\/en\/wp-json\/wp\/v2\/media\/6088"}],"wp:attachment":[{"href":"https:\/\/letempsjadisauction.com\/en\/wp-json\/wp\/v2\/media?parent=6322"}],"wp:term":[{"taxonomy":"online_sale","embeddable":true,"href":"https:\/\/letempsjadisauction.com\/en\/wp-json\/wp\/v2\/online_sale?post=6322"},{"taxonomy":"product_brand","embeddable":true,"href":"https:\/\/letempsjadisauction.com\/en\/wp-json\/wp\/v2\/product_brand?post=6322"},{"taxonomy":"product_cat","embeddable":true,"href":"https:\/\/letempsjadisauction.com\/en\/wp-json\/wp\/v2\/product_cat?post=6322"},{"taxonomy":"product_tag","embeddable":true,"href":"https:\/\/letempsjadisauction.com\/en\/wp-json\/wp\/v2\/product_tag?post=6322"}],"curies":[{"name":"wp","href":"https:\/\/api.w.org\/{rel}","templated":true}]}}