{"id":6324,"date":"2025-07-16T11:06:42","date_gmt":"2025-07-16T11:06:42","guid":{"rendered":"https:\/\/letempsjadisauction.com\/?post_type=product&#038;p=6324"},"modified":"2025-07-30T16:28:01","modified_gmt":"2025-07-30T16:28:01","slug":"195-travail-francais-pendule-femme-et-bassin","status":"publish","type":"product","link":"https:\/\/letempsjadisauction.com\/en\/auction\/195-travail-francais-pendule-femme-et-bassin\/","title":{"rendered":"195-Travail fran\u00e7ais \u2013 Pendule femme et bassin"},"content":{"rendered":"<p>Travail francais, Pendule de chemin\u00e9e repr\u00e9sentant une jeune femme allong\u00e9e pr\u00e8s d\u2019un bassin avec roseaux et tortue. Base galb\u00e9e flanqu\u00e9e de dauphins. Bronze dor\u00e9, marbre blanc, cadran \u00e9maill\u00e9 blanc \u00e0 chiffres romains, inscription effac\u00e9e &#8230; bronze, 19eme si\u00e8cle, \u00e9poque napol\u00e9on III, 43 x 40 x 15 cm<\/p>","protected":false},"excerpt":{"rendered":"<p>Travail fran\u00e7ais \u2013 Pendule femme et bassin<\/p>","protected":false},"featured_media":6092,"template":"","meta":{"_acf_changed":false,"inline_featured_image":false},"online_sale":[58],"product_brand":[],"product_cat":[18],"product_tag":[],"class_list":{"0":"post-6324","1":"product","2":"type-product","3":"status-publish","4":"has-post-thumbnail","6":"online_sale-juillet-2025","7":"product_cat-non-classe","9":"first","10":"instock","11":"shipping-taxable","12":"purchasable","13":"product-type-auction"},"acf":[],"_links":{"self":[{"href":"https:\/\/letempsjadisauction.com\/en\/wp-json\/wp\/v2\/product\/6324","targetHints":{"allow":["GET"]}}],"collection":[{"href":"https:\/\/letempsjadisauction.com\/en\/wp-json\/wp\/v2\/product"}],"about":[{"href":"https:\/\/letempsjadisauction.com\/en\/wp-json\/wp\/v2\/types\/product"}],"wp:featuredmedia":[{"embeddable":true,"href":"https:\/\/letempsjadisauction.com\/en\/wp-json\/wp\/v2\/media\/6092"}],"wp:attachment":[{"href":"https:\/\/letempsjadisauction.com\/en\/wp-json\/wp\/v2\/media?parent=6324"}],"wp:term":[{"taxonomy":"online_sale","embeddable":true,"href":"https:\/\/letempsjadisauction.com\/en\/wp-json\/wp\/v2\/online_sale?post=6324"},{"taxonomy":"product_brand","embeddable":true,"href":"https:\/\/letempsjadisauction.com\/en\/wp-json\/wp\/v2\/product_brand?post=6324"},{"taxonomy":"product_cat","embeddable":true,"href":"https:\/\/letempsjadisauction.com\/en\/wp-json\/wp\/v2\/product_cat?post=6324"},{"taxonomy":"product_tag","embeddable":true,"href":"https:\/\/letempsjadisauction.com\/en\/wp-json\/wp\/v2\/product_tag?post=6324"}],"curies":[{"name":"wp","href":"https:\/\/api.w.org\/{rel}","templated":true}]}}