{"id":6326,"date":"2025-07-16T11:06:44","date_gmt":"2025-07-16T11:06:44","guid":{"rendered":"https:\/\/letempsjadisauction.com\/?post_type=product&#038;p=6326"},"modified":"2025-07-30T16:32:01","modified_gmt":"2025-07-30T16:32:01","slug":"197-val-saint-lambert-petite-carafe-a-liqueur-et-verres","status":"publish","type":"product","link":"https:\/\/letempsjadisauction.com\/en\/auction\/197-val-saint-lambert-petite-carafe-a-liqueur-et-verres\/","title":{"rendered":"197- Val Saint-Lambert &#8211;  petite carafe \u00e0 liqueur et verres"},"content":{"rendered":"<p>Cristallerie Val Saint-Lambert, petite carafe \u00e0 liqueur accompagn\u00e9e de six verres \u00e0 pied color\u00e9s mod\u00e8le Eurydice, cristal taill\u00e9 \u00e0 la main, H. 33 et 13 cm, \u00c9clat au verre jaune<\/p>","protected":false},"excerpt":{"rendered":"<p>Val Saint-Lambert &#8211; petite carafe \u00e0 liqueur et verres<\/p>","protected":false},"featured_media":6330,"template":"","meta":{"_acf_changed":false,"inline_featured_image":false},"online_sale":[58],"product_brand":[],"product_cat":[18],"product_tag":[],"class_list":{"0":"post-6326","1":"product","2":"type-product","3":"status-publish","4":"has-post-thumbnail","6":"online_sale-juillet-2025","7":"product_cat-non-classe","9":"first","10":"instock","11":"shipping-taxable","12":"purchasable","13":"product-type-auction"},"acf":[],"_links":{"self":[{"href":"https:\/\/letempsjadisauction.com\/en\/wp-json\/wp\/v2\/product\/6326","targetHints":{"allow":["GET"]}}],"collection":[{"href":"https:\/\/letempsjadisauction.com\/en\/wp-json\/wp\/v2\/product"}],"about":[{"href":"https:\/\/letempsjadisauction.com\/en\/wp-json\/wp\/v2\/types\/product"}],"wp:featuredmedia":[{"embeddable":true,"href":"https:\/\/letempsjadisauction.com\/en\/wp-json\/wp\/v2\/media\/6330"}],"wp:attachment":[{"href":"https:\/\/letempsjadisauction.com\/en\/wp-json\/wp\/v2\/media?parent=6326"}],"wp:term":[{"taxonomy":"online_sale","embeddable":true,"href":"https:\/\/letempsjadisauction.com\/en\/wp-json\/wp\/v2\/online_sale?post=6326"},{"taxonomy":"product_brand","embeddable":true,"href":"https:\/\/letempsjadisauction.com\/en\/wp-json\/wp\/v2\/product_brand?post=6326"},{"taxonomy":"product_cat","embeddable":true,"href":"https:\/\/letempsjadisauction.com\/en\/wp-json\/wp\/v2\/product_cat?post=6326"},{"taxonomy":"product_tag","embeddable":true,"href":"https:\/\/letempsjadisauction.com\/en\/wp-json\/wp\/v2\/product_tag?post=6326"}],"curies":[{"name":"wp","href":"https:\/\/api.w.org\/{rel}","templated":true}]}}