{"id":6797,"date":"2025-08-15T05:48:50","date_gmt":"2025-08-15T05:48:50","guid":{"rendered":"https:\/\/letempsjadisauction.com\/?post_type=product&#038;p=6797"},"modified":"2025-08-15T05:48:51","modified_gmt":"2025-08-15T05:48:51","slug":"36-prosper-merimee","status":"publish","type":"product","link":"https:\/\/letempsjadisauction.com\/en\/auction\/36-prosper-merimee\/","title":{"rendered":"36. Prosper M\u00e9rim\u00e9e"},"content":{"rendered":"<p>Prosper M\u00e9rim\u00e9e \u2014 Th\u00e9atre, Romans et nouvelles \u2014 Gallimard, Biblioth\u00e8que de la Pl\u00e9iade \u2014 Coffret<\/p>","protected":false},"excerpt":{"rendered":"<p>Prosper M\u00e9rim\u00e9e<\/p>","protected":false},"featured_media":6417,"template":"","meta":{"_acf_changed":false,"inline_featured_image":false},"online_sale":[60],"product_brand":[],"product_cat":[18],"product_tag":[],"class_list":{"0":"post-6797","1":"product","2":"type-product","3":"status-publish","4":"has-post-thumbnail","6":"online_sale-aout-2025","7":"product_cat-non-classe","9":"first","10":"instock","11":"shipping-taxable","12":"purchasable","13":"product-type-auction"},"acf":[],"_links":{"self":[{"href":"https:\/\/letempsjadisauction.com\/en\/wp-json\/wp\/v2\/product\/6797","targetHints":{"allow":["GET"]}}],"collection":[{"href":"https:\/\/letempsjadisauction.com\/en\/wp-json\/wp\/v2\/product"}],"about":[{"href":"https:\/\/letempsjadisauction.com\/en\/wp-json\/wp\/v2\/types\/product"}],"wp:featuredmedia":[{"embeddable":true,"href":"https:\/\/letempsjadisauction.com\/en\/wp-json\/wp\/v2\/media\/6417"}],"wp:attachment":[{"href":"https:\/\/letempsjadisauction.com\/en\/wp-json\/wp\/v2\/media?parent=6797"}],"wp:term":[{"taxonomy":"online_sale","embeddable":true,"href":"https:\/\/letempsjadisauction.com\/en\/wp-json\/wp\/v2\/online_sale?post=6797"},{"taxonomy":"product_brand","embeddable":true,"href":"https:\/\/letempsjadisauction.com\/en\/wp-json\/wp\/v2\/product_brand?post=6797"},{"taxonomy":"product_cat","embeddable":true,"href":"https:\/\/letempsjadisauction.com\/en\/wp-json\/wp\/v2\/product_cat?post=6797"},{"taxonomy":"product_tag","embeddable":true,"href":"https:\/\/letempsjadisauction.com\/en\/wp-json\/wp\/v2\/product_tag?post=6797"}],"curies":[{"name":"wp","href":"https:\/\/api.w.org\/{rel}","templated":true}]}}