{"id":6818,"date":"2025-08-15T05:49:11","date_gmt":"2025-08-15T05:49:11","guid":{"rendered":"https:\/\/letempsjadisauction.com\/?post_type=product&#038;p=6818"},"modified":"2025-08-15T05:49:11","modified_gmt":"2025-08-15T05:49:11","slug":"57-paul-verlaine","status":"publish","type":"product","link":"https:\/\/letempsjadisauction.com\/en\/auction\/57-paul-verlaine\/","title":{"rendered":"57. Paul Verlaine"},"content":{"rendered":"<p>Paul Verlaine \u2014 \u0152uvres po\u00e9tiques compl\u00e8tes \u2014 Gallimard \u2014 Biblioth\u00e8que de la Pl\u00e9iade \u2014 Coffret<br \/>\nPaul Verlaine \u2014 \u0152uvres en prose compl\u00e8tes, tome II \u2014 Gallimard \u2014 Biblioth\u00e8que de la Pl\u00e9iade \u2014 Coffret<\/p>","protected":false},"excerpt":{"rendered":"<p>Paul Verlaine<\/p>","protected":false},"featured_media":6438,"template":"","meta":{"_acf_changed":false,"inline_featured_image":false},"online_sale":[60],"product_brand":[],"product_cat":[18],"product_tag":[],"class_list":{"0":"post-6818","1":"product","2":"type-product","3":"status-publish","4":"has-post-thumbnail","6":"online_sale-aout-2025","7":"product_cat-non-classe","9":"first","10":"instock","11":"shipping-taxable","12":"purchasable","13":"product-type-auction"},"acf":[],"_links":{"self":[{"href":"https:\/\/letempsjadisauction.com\/en\/wp-json\/wp\/v2\/product\/6818","targetHints":{"allow":["GET"]}}],"collection":[{"href":"https:\/\/letempsjadisauction.com\/en\/wp-json\/wp\/v2\/product"}],"about":[{"href":"https:\/\/letempsjadisauction.com\/en\/wp-json\/wp\/v2\/types\/product"}],"wp:featuredmedia":[{"embeddable":true,"href":"https:\/\/letempsjadisauction.com\/en\/wp-json\/wp\/v2\/media\/6438"}],"wp:attachment":[{"href":"https:\/\/letempsjadisauction.com\/en\/wp-json\/wp\/v2\/media?parent=6818"}],"wp:term":[{"taxonomy":"online_sale","embeddable":true,"href":"https:\/\/letempsjadisauction.com\/en\/wp-json\/wp\/v2\/online_sale?post=6818"},{"taxonomy":"product_brand","embeddable":true,"href":"https:\/\/letempsjadisauction.com\/en\/wp-json\/wp\/v2\/product_brand?post=6818"},{"taxonomy":"product_cat","embeddable":true,"href":"https:\/\/letempsjadisauction.com\/en\/wp-json\/wp\/v2\/product_cat?post=6818"},{"taxonomy":"product_tag","embeddable":true,"href":"https:\/\/letempsjadisauction.com\/en\/wp-json\/wp\/v2\/product_tag?post=6818"}],"curies":[{"name":"wp","href":"https:\/\/api.w.org\/{rel}","templated":true}]}}