{"id":6856,"date":"2025-08-15T05:50:02","date_gmt":"2025-08-15T05:50:02","guid":{"rendered":"https:\/\/letempsjadisauction.com\/?post_type=product&#038;p=6856"},"modified":"2025-08-27T13:08:01","modified_gmt":"2025-08-27T13:08:01","slug":"95-pimont-m-la-nouvelle-pratique-civile-criminelle-et-beneficiale","status":"publish","type":"product","link":"https:\/\/letempsjadisauction.com\/en\/auction\/95-pimont-m-la-nouvelle-pratique-civile-criminelle-et-beneficiale\/","title":{"rendered":"95. Pimont M. \u2014 La nouvelle pratique civile criminelle et b\u00e9n\u00e9ficiale"},"content":{"rendered":"<p>Pimont M. \u2014 La nouvelle pratique civile criminelle et b\u00e9n\u00e9ficiale\u2026, troisi\u00e8me \u00e9dition augment\u00e9e \u2014 1787 \u2014 Chez Nicolas Le Gras, Paris<\/p>","protected":false},"excerpt":{"rendered":"<p>Pimont M. \u2014 La nouvelle pratique civile criminelle et b\u00e9n\u00e9ficiale<\/p>","protected":false},"featured_media":6484,"template":"","meta":{"_acf_changed":false,"inline_featured_image":false},"online_sale":[60],"product_brand":[],"product_cat":[18],"product_tag":[],"class_list":{"0":"post-6856","1":"product","2":"type-product","3":"status-publish","4":"has-post-thumbnail","6":"online_sale-aout-2025","7":"product_cat-non-classe","9":"first","10":"instock","11":"shipping-taxable","12":"purchasable","13":"product-type-auction"},"acf":[],"_links":{"self":[{"href":"https:\/\/letempsjadisauction.com\/en\/wp-json\/wp\/v2\/product\/6856","targetHints":{"allow":["GET"]}}],"collection":[{"href":"https:\/\/letempsjadisauction.com\/en\/wp-json\/wp\/v2\/product"}],"about":[{"href":"https:\/\/letempsjadisauction.com\/en\/wp-json\/wp\/v2\/types\/product"}],"wp:featuredmedia":[{"embeddable":true,"href":"https:\/\/letempsjadisauction.com\/en\/wp-json\/wp\/v2\/media\/6484"}],"wp:attachment":[{"href":"https:\/\/letempsjadisauction.com\/en\/wp-json\/wp\/v2\/media?parent=6856"}],"wp:term":[{"taxonomy":"online_sale","embeddable":true,"href":"https:\/\/letempsjadisauction.com\/en\/wp-json\/wp\/v2\/online_sale?post=6856"},{"taxonomy":"product_brand","embeddable":true,"href":"https:\/\/letempsjadisauction.com\/en\/wp-json\/wp\/v2\/product_brand?post=6856"},{"taxonomy":"product_cat","embeddable":true,"href":"https:\/\/letempsjadisauction.com\/en\/wp-json\/wp\/v2\/product_cat?post=6856"},{"taxonomy":"product_tag","embeddable":true,"href":"https:\/\/letempsjadisauction.com\/en\/wp-json\/wp\/v2\/product_tag?post=6856"}],"curies":[{"name":"wp","href":"https:\/\/api.w.org\/{rel}","templated":true}]}}