{"id":6859,"date":"2025-08-15T05:50:41","date_gmt":"2025-08-15T05:50:41","guid":{"rendered":"https:\/\/letempsjadisauction.com\/?post_type=product&#038;p=6859"},"modified":"2025-08-27T13:14:01","modified_gmt":"2025-08-27T13:14:01","slug":"98-raoul-dufy-michel-de-saint-pierre-les-cotes-normandes","status":"publish","type":"product","link":"https:\/\/letempsjadisauction.com\/en\/auction\/98-raoul-dufy-michel-de-saint-pierre-les-cotes-normandes\/","title":{"rendered":"98. Raoul Dufy, Michel de Saint Pierre, Les c\u00f4tes normandes"},"content":{"rendered":"<p>Raoul Dufy, Michel de Saint Pierre, Les cotes normandes, exemplaire num\u00e9rot\u00e9 252 et sign\u00e9 par Michel de Saint Pierre. Un des 208 exemplaires sur grand v\u00e9lin d&rsquo;arches comportant l&rsquo;\u00e9tat d\u00e9finitif des illustrations<\/p>","protected":false},"excerpt":{"rendered":"<p>Raoul Dufy, Michel de Saint Pierre, Les cotes normandes<\/p>","protected":false},"featured_media":6494,"template":"","meta":{"_acf_changed":false,"inline_featured_image":false},"online_sale":[60],"product_brand":[],"product_cat":[18],"product_tag":[],"class_list":{"0":"post-6859","1":"product","2":"type-product","3":"status-publish","4":"has-post-thumbnail","6":"online_sale-aout-2025","7":"product_cat-non-classe","9":"first","10":"instock","11":"shipping-taxable","12":"purchasable","13":"product-type-auction"},"acf":[],"_links":{"self":[{"href":"https:\/\/letempsjadisauction.com\/en\/wp-json\/wp\/v2\/product\/6859","targetHints":{"allow":["GET"]}}],"collection":[{"href":"https:\/\/letempsjadisauction.com\/en\/wp-json\/wp\/v2\/product"}],"about":[{"href":"https:\/\/letempsjadisauction.com\/en\/wp-json\/wp\/v2\/types\/product"}],"wp:featuredmedia":[{"embeddable":true,"href":"https:\/\/letempsjadisauction.com\/en\/wp-json\/wp\/v2\/media\/6494"}],"wp:attachment":[{"href":"https:\/\/letempsjadisauction.com\/en\/wp-json\/wp\/v2\/media?parent=6859"}],"wp:term":[{"taxonomy":"online_sale","embeddable":true,"href":"https:\/\/letempsjadisauction.com\/en\/wp-json\/wp\/v2\/online_sale?post=6859"},{"taxonomy":"product_brand","embeddable":true,"href":"https:\/\/letempsjadisauction.com\/en\/wp-json\/wp\/v2\/product_brand?post=6859"},{"taxonomy":"product_cat","embeddable":true,"href":"https:\/\/letempsjadisauction.com\/en\/wp-json\/wp\/v2\/product_cat?post=6859"},{"taxonomy":"product_tag","embeddable":true,"href":"https:\/\/letempsjadisauction.com\/en\/wp-json\/wp\/v2\/product_tag?post=6859"}],"curies":[{"name":"wp","href":"https:\/\/api.w.org\/{rel}","templated":true}]}}