{"id":6862,"date":"2025-08-15T05:50:04","date_gmt":"2025-08-15T05:50:04","guid":{"rendered":"https:\/\/letempsjadisauction.com\/?post_type=product&#038;p=6862"},"modified":"2025-08-15T05:50:04","modified_gmt":"2025-08-15T05:50:04","slug":"101-rabelais-rat-maurice-brayer-yves-rabelais-oeuvres-completes-adaptees-au-francais-moderne-par-maurice-rat","status":"publish","type":"product","link":"https:\/\/letempsjadisauction.com\/en\/auction\/101-rabelais-rat-maurice-brayer-yves-rabelais-oeuvres-completes-adaptees-au-francais-moderne-par-maurice-rat\/","title":{"rendered":"101. Rabelais, Rat Maurice, Brayer Yves \u2014 Rabelais, \u0152uvres compl\u00e8tes adapt\u00e9es au fran\u00e7ais moderne par Maurice Rat"},"content":{"rendered":"<p>Rabelais, Rat Maurice, Brayer Yves \u2014 RABELAIS. \u0152uvres compl\u00e8tes adapt\u00e9es au fran\u00e7ais moderne par Maurice Rat, pr\u00e9sent\u00e9es avec les gouaches d\u2019Yves Brayer \u2014 [Date non pr\u00e9cis\u00e9e] \u2014 Union latine d\u2019\u00e9ditions, Paris<\/p>","protected":false},"excerpt":{"rendered":"<p>Rabelais, Rat Maurice, Brayer Yves \u2014 RABELAIS. \u0152uvres compl\u00e8tes adapt\u00e9es au fran\u00e7ais moderne par Maurice Rat<\/p>","protected":false},"featured_media":6513,"template":"","meta":{"_acf_changed":false,"inline_featured_image":false},"online_sale":[60],"product_brand":[],"product_cat":[18],"product_tag":[],"class_list":{"0":"post-6862","1":"product","2":"type-product","3":"status-publish","4":"has-post-thumbnail","6":"online_sale-aout-2025","7":"product_cat-non-classe","9":"first","10":"instock","11":"shipping-taxable","12":"purchasable","13":"product-type-auction"},"acf":[],"_links":{"self":[{"href":"https:\/\/letempsjadisauction.com\/en\/wp-json\/wp\/v2\/product\/6862","targetHints":{"allow":["GET"]}}],"collection":[{"href":"https:\/\/letempsjadisauction.com\/en\/wp-json\/wp\/v2\/product"}],"about":[{"href":"https:\/\/letempsjadisauction.com\/en\/wp-json\/wp\/v2\/types\/product"}],"wp:featuredmedia":[{"embeddable":true,"href":"https:\/\/letempsjadisauction.com\/en\/wp-json\/wp\/v2\/media\/6513"}],"wp:attachment":[{"href":"https:\/\/letempsjadisauction.com\/en\/wp-json\/wp\/v2\/media?parent=6862"}],"wp:term":[{"taxonomy":"online_sale","embeddable":true,"href":"https:\/\/letempsjadisauction.com\/en\/wp-json\/wp\/v2\/online_sale?post=6862"},{"taxonomy":"product_brand","embeddable":true,"href":"https:\/\/letempsjadisauction.com\/en\/wp-json\/wp\/v2\/product_brand?post=6862"},{"taxonomy":"product_cat","embeddable":true,"href":"https:\/\/letempsjadisauction.com\/en\/wp-json\/wp\/v2\/product_cat?post=6862"},{"taxonomy":"product_tag","embeddable":true,"href":"https:\/\/letempsjadisauction.com\/en\/wp-json\/wp\/v2\/product_tag?post=6862"}],"curies":[{"name":"wp","href":"https:\/\/api.w.org\/{rel}","templated":true}]}}