{"id":6864,"date":"2025-08-15T05:50:42","date_gmt":"2025-08-15T05:50:42","guid":{"rendered":"https:\/\/letempsjadisauction.com\/?post_type=product&#038;p=6864"},"modified":"2025-09-04T04:39:10","modified_gmt":"2025-09-04T04:39:10","slug":"103-racinet-le-costume-historique","status":"publish","type":"product","link":"https:\/\/letempsjadisauction.com\/en\/auction\/103-racinet-le-costume-historique\/","title":{"rendered":"103. Racinet \u2014 Le costume historique"},"content":{"rendered":"<p>Racinet, Le costume historique, illustr\u00e9e de 500 planches, dont 300 en couleurs, or et argent, et 200 en cama\u00efeu Firmin Didot, Paris. Format in-folio. 1888. 20 num\u00e9ros, \u00e9tat variable g\u00e9n\u00e9ralement bon, oxydation des pages.<\/p>","protected":false},"excerpt":{"rendered":"<p>Racinet, Le costume historique<\/p>","protected":false},"featured_media":6522,"template":"","meta":{"_acf_changed":false,"inline_featured_image":false},"online_sale":[60],"product_brand":[],"product_cat":[18],"product_tag":[],"class_list":{"0":"post-6864","1":"product","2":"type-product","3":"status-publish","4":"has-post-thumbnail","6":"online_sale-aout-2025","7":"product_cat-non-classe","9":"first","10":"outofstock","11":"shipping-taxable","12":"purchasable","13":"product-type-auction"},"acf":[],"_links":{"self":[{"href":"https:\/\/letempsjadisauction.com\/en\/wp-json\/wp\/v2\/product\/6864","targetHints":{"allow":["GET"]}}],"collection":[{"href":"https:\/\/letempsjadisauction.com\/en\/wp-json\/wp\/v2\/product"}],"about":[{"href":"https:\/\/letempsjadisauction.com\/en\/wp-json\/wp\/v2\/types\/product"}],"wp:featuredmedia":[{"embeddable":true,"href":"https:\/\/letempsjadisauction.com\/en\/wp-json\/wp\/v2\/media\/6522"}],"wp:attachment":[{"href":"https:\/\/letempsjadisauction.com\/en\/wp-json\/wp\/v2\/media?parent=6864"}],"wp:term":[{"taxonomy":"online_sale","embeddable":true,"href":"https:\/\/letempsjadisauction.com\/en\/wp-json\/wp\/v2\/online_sale?post=6864"},{"taxonomy":"product_brand","embeddable":true,"href":"https:\/\/letempsjadisauction.com\/en\/wp-json\/wp\/v2\/product_brand?post=6864"},{"taxonomy":"product_cat","embeddable":true,"href":"https:\/\/letempsjadisauction.com\/en\/wp-json\/wp\/v2\/product_cat?post=6864"},{"taxonomy":"product_tag","embeddable":true,"href":"https:\/\/letempsjadisauction.com\/en\/wp-json\/wp\/v2\/product_tag?post=6864"}],"curies":[{"name":"wp","href":"https:\/\/api.w.org\/{rel}","templated":true}]}}