{"id":6872,"date":"2025-08-15T05:50:44","date_gmt":"2025-08-15T05:50:44","guid":{"rendered":"https:\/\/letempsjadisauction.com\/?post_type=product&#038;p=6872"},"modified":"2025-08-15T05:50:44","modified_gmt":"2025-08-15T05:50:44","slug":"111-jan-pienkowski-chambre-a-louer-au-musee","status":"publish","type":"product","link":"https:\/\/letempsjadisauction.com\/en\/auction\/111-jan-pienkowski-chambre-a-louer-au-musee\/","title":{"rendered":"111. Jan Pienkowski \u2014 Chambre \u00e0 louer au mus\u00e9e"},"content":{"rendered":"<p>Jan Pienkowski, Chambre \u00e0 louer au mus\u00e9e, Pop-up book<\/p>","protected":false},"excerpt":{"rendered":"<p>Jan Pienkowski, Chambre \u00e0 louer au mus\u00e9e<\/p>","protected":false},"featured_media":6586,"template":"","meta":{"_acf_changed":false,"inline_featured_image":false},"online_sale":[60],"product_brand":[],"product_cat":[18],"product_tag":[],"class_list":{"0":"post-6872","1":"product","2":"type-product","3":"status-publish","4":"has-post-thumbnail","6":"online_sale-aout-2025","7":"product_cat-non-classe","9":"first","10":"instock","11":"shipping-taxable","12":"purchasable","13":"product-type-auction"},"acf":[],"_links":{"self":[{"href":"https:\/\/letempsjadisauction.com\/en\/wp-json\/wp\/v2\/product\/6872","targetHints":{"allow":["GET"]}}],"collection":[{"href":"https:\/\/letempsjadisauction.com\/en\/wp-json\/wp\/v2\/product"}],"about":[{"href":"https:\/\/letempsjadisauction.com\/en\/wp-json\/wp\/v2\/types\/product"}],"wp:featuredmedia":[{"embeddable":true,"href":"https:\/\/letempsjadisauction.com\/en\/wp-json\/wp\/v2\/media\/6586"}],"wp:attachment":[{"href":"https:\/\/letempsjadisauction.com\/en\/wp-json\/wp\/v2\/media?parent=6872"}],"wp:term":[{"taxonomy":"online_sale","embeddable":true,"href":"https:\/\/letempsjadisauction.com\/en\/wp-json\/wp\/v2\/online_sale?post=6872"},{"taxonomy":"product_brand","embeddable":true,"href":"https:\/\/letempsjadisauction.com\/en\/wp-json\/wp\/v2\/product_brand?post=6872"},{"taxonomy":"product_cat","embeddable":true,"href":"https:\/\/letempsjadisauction.com\/en\/wp-json\/wp\/v2\/product_cat?post=6872"},{"taxonomy":"product_tag","embeddable":true,"href":"https:\/\/letempsjadisauction.com\/en\/wp-json\/wp\/v2\/product_tag?post=6872"}],"curies":[{"name":"wp","href":"https:\/\/api.w.org\/{rel}","templated":true}]}}