{"id":6878,"date":"2025-08-15T05:51:04","date_gmt":"2025-08-15T05:51:04","guid":{"rendered":"https:\/\/letempsjadisauction.com\/?post_type=product&#038;p=6878"},"modified":"2025-08-25T15:34:51","modified_gmt":"2025-08-25T15:34:51","slug":"117-le-breton-mac-cambridge-bena-pacurariu-aleksi-la-legende-de-la-table-ronde","status":"publish","type":"product","link":"https:\/\/letempsjadisauction.com\/en\/auction\/117-le-breton-mac-cambridge-bena-pacurariu-aleksi-la-legende-de-la-table-ronde\/","title":{"rendered":"117. Le Breton, Mac Cambridge, Bena, Pacurariu, Aleksi \u2014 La l\u00e9gende de la table ronde"},"content":{"rendered":"<p>Le Breton, Mac Cambridge, Bena, Pacurariu, Aleksi, La l\u00e9gende de la table ronde. Soleil. Exemplaire d\u00e9dicac\u00e9 joint d&rsquo;un ex-libris.<\/p>","protected":false},"excerpt":{"rendered":"<p>Le Breton, Mac Cambridge, Bena, Pacurariu, Aleksi, La l\u00e9gende de la table ronde<\/p>","protected":false},"featured_media":6598,"template":"","meta":{"_acf_changed":false,"inline_featured_image":false},"online_sale":[60],"product_brand":[],"product_cat":[18],"product_tag":[],"class_list":{"0":"post-6878","1":"product","2":"type-product","3":"status-publish","4":"has-post-thumbnail","6":"online_sale-aout-2025","7":"product_cat-non-classe","9":"first","10":"instock","11":"shipping-taxable","12":"purchasable","13":"product-type-auction"},"acf":[],"_links":{"self":[{"href":"https:\/\/letempsjadisauction.com\/en\/wp-json\/wp\/v2\/product\/6878","targetHints":{"allow":["GET"]}}],"collection":[{"href":"https:\/\/letempsjadisauction.com\/en\/wp-json\/wp\/v2\/product"}],"about":[{"href":"https:\/\/letempsjadisauction.com\/en\/wp-json\/wp\/v2\/types\/product"}],"wp:featuredmedia":[{"embeddable":true,"href":"https:\/\/letempsjadisauction.com\/en\/wp-json\/wp\/v2\/media\/6598"}],"wp:attachment":[{"href":"https:\/\/letempsjadisauction.com\/en\/wp-json\/wp\/v2\/media?parent=6878"}],"wp:term":[{"taxonomy":"online_sale","embeddable":true,"href":"https:\/\/letempsjadisauction.com\/en\/wp-json\/wp\/v2\/online_sale?post=6878"},{"taxonomy":"product_brand","embeddable":true,"href":"https:\/\/letempsjadisauction.com\/en\/wp-json\/wp\/v2\/product_brand?post=6878"},{"taxonomy":"product_cat","embeddable":true,"href":"https:\/\/letempsjadisauction.com\/en\/wp-json\/wp\/v2\/product_cat?post=6878"},{"taxonomy":"product_tag","embeddable":true,"href":"https:\/\/letempsjadisauction.com\/en\/wp-json\/wp\/v2\/product_tag?post=6878"}],"curies":[{"name":"wp","href":"https:\/\/api.w.org\/{rel}","templated":true}]}}