{"id":6880,"date":"2025-08-15T05:50:45","date_gmt":"2025-08-15T05:50:45","guid":{"rendered":"https:\/\/letempsjadisauction.com\/?post_type=product&#038;p=6880"},"modified":"2025-08-25T15:36:00","modified_gmt":"2025-08-25T15:36:00","slug":"119-gregory-charlet-kabbale","status":"publish","type":"product","link":"https:\/\/letempsjadisauction.com\/en\/auction\/119-gregory-charlet-kabbale\/","title":{"rendered":"119. Gr\u00e9gory Charlet \u2014 Kabbale"},"content":{"rendered":"<p>Gr\u00e9gory Charlet, Kabbale. Exemplaire orn\u00e9 d&rsquo;un dessin-d\u00e9dicace au crayon et joint d&rsquo;un ex-libris<\/p>","protected":false},"excerpt":{"rendered":"<p>Gr\u00e9gory Charlet, Kabbale<\/p>","protected":false},"featured_media":6602,"template":"","meta":{"_acf_changed":false,"inline_featured_image":false},"online_sale":[60],"product_brand":[],"product_cat":[18],"product_tag":[],"class_list":{"0":"post-6880","1":"product","2":"type-product","3":"status-publish","4":"has-post-thumbnail","6":"online_sale-aout-2025","7":"product_cat-non-classe","9":"first","10":"instock","11":"shipping-taxable","12":"purchasable","13":"product-type-auction"},"acf":[],"_links":{"self":[{"href":"https:\/\/letempsjadisauction.com\/en\/wp-json\/wp\/v2\/product\/6880","targetHints":{"allow":["GET"]}}],"collection":[{"href":"https:\/\/letempsjadisauction.com\/en\/wp-json\/wp\/v2\/product"}],"about":[{"href":"https:\/\/letempsjadisauction.com\/en\/wp-json\/wp\/v2\/types\/product"}],"wp:featuredmedia":[{"embeddable":true,"href":"https:\/\/letempsjadisauction.com\/en\/wp-json\/wp\/v2\/media\/6602"}],"wp:attachment":[{"href":"https:\/\/letempsjadisauction.com\/en\/wp-json\/wp\/v2\/media?parent=6880"}],"wp:term":[{"taxonomy":"online_sale","embeddable":true,"href":"https:\/\/letempsjadisauction.com\/en\/wp-json\/wp\/v2\/online_sale?post=6880"},{"taxonomy":"product_brand","embeddable":true,"href":"https:\/\/letempsjadisauction.com\/en\/wp-json\/wp\/v2\/product_brand?post=6880"},{"taxonomy":"product_cat","embeddable":true,"href":"https:\/\/letempsjadisauction.com\/en\/wp-json\/wp\/v2\/product_cat?post=6880"},{"taxonomy":"product_tag","embeddable":true,"href":"https:\/\/letempsjadisauction.com\/en\/wp-json\/wp\/v2\/product_tag?post=6880"}],"curies":[{"name":"wp","href":"https:\/\/api.w.org\/{rel}","templated":true}]}}