{"id":6914,"date":"2025-08-15T05:51:26","date_gmt":"2025-08-15T05:51:26","guid":{"rendered":"https:\/\/letempsjadisauction.com\/?post_type=product&#038;p=6914"},"modified":"2025-08-27T15:04:02","modified_gmt":"2025-08-27T15:04:02","slug":"153-le-roman-de-renard","status":"publish","type":"product","link":"https:\/\/letempsjadisauction.com\/en\/auction\/153-le-roman-de-renard\/","title":{"rendered":"153. Guillaume de Loris &#8211; Le roman de la rose"},"content":{"rendered":"<p>Guillaume de Loris, Le roman de la rose, illustrations enluminures de Jean-Francois Mincet. Exemplaire num\u00e9rot\u00e9 203, un des exemplaires sur v\u00e9lin chiffon de Lana comportant les illustrations dans leur \u00e9tat d\u00e9finitif.<\/p>","protected":false},"excerpt":{"rendered":"<p>Le roman de renard<\/p>","protected":false},"featured_media":6657,"template":"","meta":{"_acf_changed":false,"inline_featured_image":false},"online_sale":[60],"product_brand":[],"product_cat":[18],"product_tag":[],"class_list":{"0":"post-6914","1":"product","2":"type-product","3":"status-publish","4":"has-post-thumbnail","6":"online_sale-aout-2025","7":"product_cat-non-classe","9":"first","10":"instock","11":"shipping-taxable","12":"purchasable","13":"product-type-auction"},"acf":[],"_links":{"self":[{"href":"https:\/\/letempsjadisauction.com\/en\/wp-json\/wp\/v2\/product\/6914","targetHints":{"allow":["GET"]}}],"collection":[{"href":"https:\/\/letempsjadisauction.com\/en\/wp-json\/wp\/v2\/product"}],"about":[{"href":"https:\/\/letempsjadisauction.com\/en\/wp-json\/wp\/v2\/types\/product"}],"wp:featuredmedia":[{"embeddable":true,"href":"https:\/\/letempsjadisauction.com\/en\/wp-json\/wp\/v2\/media\/6657"}],"wp:attachment":[{"href":"https:\/\/letempsjadisauction.com\/en\/wp-json\/wp\/v2\/media?parent=6914"}],"wp:term":[{"taxonomy":"online_sale","embeddable":true,"href":"https:\/\/letempsjadisauction.com\/en\/wp-json\/wp\/v2\/online_sale?post=6914"},{"taxonomy":"product_brand","embeddable":true,"href":"https:\/\/letempsjadisauction.com\/en\/wp-json\/wp\/v2\/product_brand?post=6914"},{"taxonomy":"product_cat","embeddable":true,"href":"https:\/\/letempsjadisauction.com\/en\/wp-json\/wp\/v2\/product_cat?post=6914"},{"taxonomy":"product_tag","embeddable":true,"href":"https:\/\/letempsjadisauction.com\/en\/wp-json\/wp\/v2\/product_tag?post=6914"}],"curies":[{"name":"wp","href":"https:\/\/api.w.org\/{rel}","templated":true}]}}