{"id":6923,"date":"2025-08-15T05:51:50","date_gmt":"2025-08-15T05:51:50","guid":{"rendered":"https:\/\/letempsjadisauction.com\/?post_type=product&#038;p=6923"},"modified":"2025-08-27T15:22:03","modified_gmt":"2025-08-27T15:22:03","slug":"162-voyage-dans-les-deux-oceans","status":"publish","type":"product","link":"https:\/\/letempsjadisauction.com\/en\/auction\/162-voyage-dans-les-deux-oceans\/","title":{"rendered":"162. Eug\u00e8ne Delessert, voyage dans les deux oc\u00e9ans"},"content":{"rendered":"<p>Eug\u00e8ne Delessert, voyage dans les deux oc\u00e9ans atlantique et pacifique, 1848<\/p>","protected":false},"excerpt":{"rendered":"<p>Eug\u00e8ne Delessert, voyage dans les deux oc\u00e9ans<\/p>","protected":false},"featured_media":6680,"template":"","meta":{"_acf_changed":false,"inline_featured_image":false},"online_sale":[60],"product_brand":[],"product_cat":[18],"product_tag":[],"class_list":{"0":"post-6923","1":"product","2":"type-product","3":"status-publish","4":"has-post-thumbnail","6":"online_sale-aout-2025","7":"product_cat-non-classe","9":"first","10":"instock","11":"shipping-taxable","12":"purchasable","13":"product-type-auction"},"acf":[],"_links":{"self":[{"href":"https:\/\/letempsjadisauction.com\/en\/wp-json\/wp\/v2\/product\/6923","targetHints":{"allow":["GET"]}}],"collection":[{"href":"https:\/\/letempsjadisauction.com\/en\/wp-json\/wp\/v2\/product"}],"about":[{"href":"https:\/\/letempsjadisauction.com\/en\/wp-json\/wp\/v2\/types\/product"}],"wp:featuredmedia":[{"embeddable":true,"href":"https:\/\/letempsjadisauction.com\/en\/wp-json\/wp\/v2\/media\/6680"}],"wp:attachment":[{"href":"https:\/\/letempsjadisauction.com\/en\/wp-json\/wp\/v2\/media?parent=6923"}],"wp:term":[{"taxonomy":"online_sale","embeddable":true,"href":"https:\/\/letempsjadisauction.com\/en\/wp-json\/wp\/v2\/online_sale?post=6923"},{"taxonomy":"product_brand","embeddable":true,"href":"https:\/\/letempsjadisauction.com\/en\/wp-json\/wp\/v2\/product_brand?post=6923"},{"taxonomy":"product_cat","embeddable":true,"href":"https:\/\/letempsjadisauction.com\/en\/wp-json\/wp\/v2\/product_cat?post=6923"},{"taxonomy":"product_tag","embeddable":true,"href":"https:\/\/letempsjadisauction.com\/en\/wp-json\/wp\/v2\/product_tag?post=6923"}],"curies":[{"name":"wp","href":"https:\/\/api.w.org\/{rel}","templated":true}]}}