{"id":6928,"date":"2025-08-15T05:51:52","date_gmt":"2025-08-15T05:51:52","guid":{"rendered":"https:\/\/letempsjadisauction.com\/?post_type=product&#038;p=6928"},"modified":"2025-08-27T15:11:22","modified_gmt":"2025-08-27T15:11:22","slug":"167-jeanne-roche-mazon-contes-du-herisson","status":"publish","type":"product","link":"https:\/\/letempsjadisauction.com\/en\/auction\/167-jeanne-roche-mazon-contes-du-herisson\/","title":{"rendered":"167. Jeanne Roche-Mazon, Contes du h\u00e9risson"},"content":{"rendered":"<p>Jeanne Roche-Mazon, Contes du h\u00e9risson, illustration de O&rsquo;Klein, Paris, Boivin et cie \u00e9diteurs. 1934<\/p>","protected":false},"excerpt":{"rendered":"<p>Jeanne Roche-Mazon, Contes du h\u00e9risson<\/p>","protected":false},"featured_media":6697,"template":"","meta":{"_acf_changed":false,"inline_featured_image":false},"online_sale":[60],"product_brand":[],"product_cat":[18],"product_tag":[],"class_list":{"0":"post-6928","1":"product","2":"type-product","3":"status-publish","4":"has-post-thumbnail","6":"online_sale-aout-2025","7":"product_cat-non-classe","9":"first","10":"instock","11":"shipping-taxable","12":"purchasable","13":"product-type-auction"},"acf":[],"_links":{"self":[{"href":"https:\/\/letempsjadisauction.com\/en\/wp-json\/wp\/v2\/product\/6928","targetHints":{"allow":["GET"]}}],"collection":[{"href":"https:\/\/letempsjadisauction.com\/en\/wp-json\/wp\/v2\/product"}],"about":[{"href":"https:\/\/letempsjadisauction.com\/en\/wp-json\/wp\/v2\/types\/product"}],"wp:featuredmedia":[{"embeddable":true,"href":"https:\/\/letempsjadisauction.com\/en\/wp-json\/wp\/v2\/media\/6697"}],"wp:attachment":[{"href":"https:\/\/letempsjadisauction.com\/en\/wp-json\/wp\/v2\/media?parent=6928"}],"wp:term":[{"taxonomy":"online_sale","embeddable":true,"href":"https:\/\/letempsjadisauction.com\/en\/wp-json\/wp\/v2\/online_sale?post=6928"},{"taxonomy":"product_brand","embeddable":true,"href":"https:\/\/letempsjadisauction.com\/en\/wp-json\/wp\/v2\/product_brand?post=6928"},{"taxonomy":"product_cat","embeddable":true,"href":"https:\/\/letempsjadisauction.com\/en\/wp-json\/wp\/v2\/product_cat?post=6928"},{"taxonomy":"product_tag","embeddable":true,"href":"https:\/\/letempsjadisauction.com\/en\/wp-json\/wp\/v2\/product_tag?post=6928"}],"curies":[{"name":"wp","href":"https:\/\/api.w.org\/{rel}","templated":true}]}}