{"id":7716,"date":"2025-09-06T18:09:29","date_gmt":"2025-09-06T18:09:29","guid":{"rendered":"https:\/\/letempsjadisauction.com\/?post_type=product&#038;p=7716"},"modified":"2025-09-24T11:14:02","modified_gmt":"2025-09-24T11:14:02","slug":"38-service-a-the-ou-cafe-en-porcelaine-fine-de-limoges-decor-geometrique-or-fin","status":"publish","type":"product","link":"https:\/\/letempsjadisauction.com\/en\/auction\/38-service-a-the-ou-cafe-en-porcelaine-fine-de-limoges-decor-geometrique-or-fin\/","title":{"rendered":"38. Service \u00e0 th\u00e9 ou caf\u00e9 en porcelaine fine de Limoges \u2013 d\u00e9cor g\u00e9om\u00e9trique &#038; or fin"},"content":{"rendered":"<p>Description compl\u00e8te visible dans le catalogue PDF <a href=\"https:\/\/online.fliphtml5.com\/khmkgb\/wear\/#p=42\" target=\"_blank\" rel=\"noopener\">https:\/\/online.fliphtml5.com\/khmkgb\/wear\/#p=42<\/a><\/p>","protected":false},"excerpt":{"rendered":"<p>Service \u00e0 th\u00e9 ou caf\u00e9 en porcelaine fine de Limoges \u2013 d\u00e9cor g\u00e9om\u00e9trique &amp; or fin<\/p>","protected":false},"featured_media":8014,"template":"","meta":{"_acf_changed":false,"inline_featured_image":false},"online_sale":[61],"product_brand":[],"product_cat":[18],"product_tag":[],"class_list":{"0":"post-7716","1":"product","2":"type-product","3":"status-publish","4":"has-post-thumbnail","6":"online_sale-septembre-2025","7":"product_cat-non-classe","9":"first","10":"instock","11":"shipping-taxable","12":"purchasable","13":"product-type-auction"},"acf":[],"_links":{"self":[{"href":"https:\/\/letempsjadisauction.com\/en\/wp-json\/wp\/v2\/product\/7716","targetHints":{"allow":["GET"]}}],"collection":[{"href":"https:\/\/letempsjadisauction.com\/en\/wp-json\/wp\/v2\/product"}],"about":[{"href":"https:\/\/letempsjadisauction.com\/en\/wp-json\/wp\/v2\/types\/product"}],"wp:featuredmedia":[{"embeddable":true,"href":"https:\/\/letempsjadisauction.com\/en\/wp-json\/wp\/v2\/media\/8014"}],"wp:attachment":[{"href":"https:\/\/letempsjadisauction.com\/en\/wp-json\/wp\/v2\/media?parent=7716"}],"wp:term":[{"taxonomy":"online_sale","embeddable":true,"href":"https:\/\/letempsjadisauction.com\/en\/wp-json\/wp\/v2\/online_sale?post=7716"},{"taxonomy":"product_brand","embeddable":true,"href":"https:\/\/letempsjadisauction.com\/en\/wp-json\/wp\/v2\/product_brand?post=7716"},{"taxonomy":"product_cat","embeddable":true,"href":"https:\/\/letempsjadisauction.com\/en\/wp-json\/wp\/v2\/product_cat?post=7716"},{"taxonomy":"product_tag","embeddable":true,"href":"https:\/\/letempsjadisauction.com\/en\/wp-json\/wp\/v2\/product_tag?post=7716"}],"curies":[{"name":"wp","href":"https:\/\/api.w.org\/{rel}","templated":true}]}}