{"id":7718,"date":"2025-09-06T18:09:29","date_gmt":"2025-09-06T18:09:29","guid":{"rendered":"https:\/\/letempsjadisauction.com\/?post_type=product&#038;p=7718"},"modified":"2025-09-24T18:09:44","modified_gmt":"2025-09-24T18:09:44","slug":"40-service-a-vin-doux-ou-liqueur-en-cristal-taille-double-couleur","status":"publish","type":"product","link":"https:\/\/letempsjadisauction.com\/en\/auction\/40-service-a-vin-doux-ou-liqueur-en-cristal-taille-double-couleur\/","title":{"rendered":"40. Service \u00e0 vin doux ou liqueur en cristal taill\u00e9 doubl\u00e9 couleur"},"content":{"rendered":"<p>Description compl\u00e8te visible dans le catalogue PDF <a href=\"https:\/\/online.fliphtml5.com\/khmkgb\/wear\/#p=44\" target=\"_blank\" rel=\"noopener\">https:\/\/online.fliphtml5.com\/khmkgb\/wear\/#p=44<\/a><\/p>","protected":false},"excerpt":{"rendered":"<p>Service \u00e0 vin doux ou liqueur en cristal taill\u00e9 doubl\u00e9 couleur<\/p>","protected":false},"featured_media":8012,"template":"","meta":{"_acf_changed":false,"inline_featured_image":false},"online_sale":[61],"product_brand":[],"product_cat":[18],"product_tag":[],"class_list":{"0":"post-7718","1":"product","2":"type-product","3":"status-publish","4":"has-post-thumbnail","6":"online_sale-septembre-2025","7":"product_cat-non-classe","9":"first","10":"outofstock","11":"shipping-taxable","12":"purchasable","13":"product-type-auction"},"acf":[],"_links":{"self":[{"href":"https:\/\/letempsjadisauction.com\/en\/wp-json\/wp\/v2\/product\/7718","targetHints":{"allow":["GET"]}}],"collection":[{"href":"https:\/\/letempsjadisauction.com\/en\/wp-json\/wp\/v2\/product"}],"about":[{"href":"https:\/\/letempsjadisauction.com\/en\/wp-json\/wp\/v2\/types\/product"}],"wp:featuredmedia":[{"embeddable":true,"href":"https:\/\/letempsjadisauction.com\/en\/wp-json\/wp\/v2\/media\/8012"}],"wp:attachment":[{"href":"https:\/\/letempsjadisauction.com\/en\/wp-json\/wp\/v2\/media?parent=7718"}],"wp:term":[{"taxonomy":"online_sale","embeddable":true,"href":"https:\/\/letempsjadisauction.com\/en\/wp-json\/wp\/v2\/online_sale?post=7718"},{"taxonomy":"product_brand","embeddable":true,"href":"https:\/\/letempsjadisauction.com\/en\/wp-json\/wp\/v2\/product_brand?post=7718"},{"taxonomy":"product_cat","embeddable":true,"href":"https:\/\/letempsjadisauction.com\/en\/wp-json\/wp\/v2\/product_cat?post=7718"},{"taxonomy":"product_tag","embeddable":true,"href":"https:\/\/letempsjadisauction.com\/en\/wp-json\/wp\/v2\/product_tag?post=7718"}],"curies":[{"name":"wp","href":"https:\/\/api.w.org\/{rel}","templated":true}]}}