{"id":7733,"date":"2025-09-06T18:09:51","date_gmt":"2025-09-06T18:09:51","guid":{"rendered":"https:\/\/letempsjadisauction.com\/?post_type=product&#038;p=7733"},"modified":"2026-03-13T17:49:30","modified_gmt":"2026-03-13T17:49:30","slug":"55-grand-plat-en-faience-emaillee-decore-de-citrons-italie-vers-1950-1970","status":"publish","type":"product","link":"https:\/\/letempsjadisauction.com\/en\/auction\/55-grand-plat-en-faience-emaillee-decore-de-citrons-italie-vers-1950-1970\/","title":{"rendered":"55. Grand plat en fa\u00efence \u00e9maill\u00e9e d\u00e9cor\u00e9 de citrons (Italie, vers 1950\u20131970)"},"content":{"rendered":"<p>Description compl\u00e8te visible dans le catalogue PDF <a href=\"https:\/\/online.fliphtml5.com\/khmkgb\/wear\/#p=60\" target=\"_blank\" rel=\"noopener\">https:\/\/online.fliphtml5.com\/khmkgb\/wear\/#p=60<\/a><\/p>","protected":false},"excerpt":{"rendered":"<p>Grand plat en fa\u00efence \u00e9maill\u00e9e d\u00e9cor\u00e9 de citrons (Italie, vers 1950\u20131970)<\/p>","protected":false},"featured_media":8153,"template":"","meta":{"_acf_changed":false,"inline_featured_image":false},"online_sale":[61],"product_brand":[],"product_cat":[18],"product_tag":[],"class_list":{"0":"post-7733","1":"product","2":"type-product","3":"status-publish","4":"has-post-thumbnail","6":"online_sale-septembre-2025","7":"product_cat-non-classe","9":"first","10":"instock","11":"shipping-taxable","12":"purchasable","13":"product-type-auction"},"acf":[],"_links":{"self":[{"href":"https:\/\/letempsjadisauction.com\/en\/wp-json\/wp\/v2\/product\/7733","targetHints":{"allow":["GET"]}}],"collection":[{"href":"https:\/\/letempsjadisauction.com\/en\/wp-json\/wp\/v2\/product"}],"about":[{"href":"https:\/\/letempsjadisauction.com\/en\/wp-json\/wp\/v2\/types\/product"}],"wp:featuredmedia":[{"embeddable":true,"href":"https:\/\/letempsjadisauction.com\/en\/wp-json\/wp\/v2\/media\/8153"}],"wp:attachment":[{"href":"https:\/\/letempsjadisauction.com\/en\/wp-json\/wp\/v2\/media?parent=7733"}],"wp:term":[{"taxonomy":"online_sale","embeddable":true,"href":"https:\/\/letempsjadisauction.com\/en\/wp-json\/wp\/v2\/online_sale?post=7733"},{"taxonomy":"product_brand","embeddable":true,"href":"https:\/\/letempsjadisauction.com\/en\/wp-json\/wp\/v2\/product_brand?post=7733"},{"taxonomy":"product_cat","embeddable":true,"href":"https:\/\/letempsjadisauction.com\/en\/wp-json\/wp\/v2\/product_cat?post=7733"},{"taxonomy":"product_tag","embeddable":true,"href":"https:\/\/letempsjadisauction.com\/en\/wp-json\/wp\/v2\/product_tag?post=7733"}],"curies":[{"name":"wp","href":"https:\/\/api.w.org\/{rel}","templated":true}]}}