{"id":7755,"date":"2025-09-06T18:10:10","date_gmt":"2025-09-06T18:10:10","guid":{"rendered":"https:\/\/letempsjadisauction.com\/?post_type=product&#038;p=7755"},"modified":"2025-09-24T12:32:02","modified_gmt":"2025-09-24T12:32:02","slug":"77-elizabeth-taylor-la-megere-apprivoisee-2009-par-juan-kiti-ne-en-1956","status":"publish","type":"product","link":"https:\/\/letempsjadisauction.com\/en\/auction\/77-elizabeth-taylor-la-megere-apprivoisee-2009-par-juan-kiti-ne-en-1956\/","title":{"rendered":"77. Elizabeth Taylor, La m\u00e9g\u00e8re apprivois\u00e9e, 2009 Par Juan Kiti (n\u00e9 en 1956)"},"content":{"rendered":"<p>Description compl\u00e8te visible dans le catalogue PDF <a href=\"https:\/\/online.fliphtml5.com\/khmkgb\/wear\/#p=81\" target=\"_blank\" rel=\"noopener\">https:\/\/online.fliphtml5.com\/khmkgb\/wear\/#p=81<\/a><\/p>","protected":false},"excerpt":{"rendered":"<p>Elizabeth Taylor, La m\u00e9g\u00e8re apprivois\u00e9e, 2009 Par Juan Kiti (n\u00e9 en 1956)<\/p>","protected":false},"featured_media":7915,"template":"","meta":{"_acf_changed":false,"inline_featured_image":false},"online_sale":[61],"product_brand":[],"product_cat":[18],"product_tag":[],"class_list":{"0":"post-7755","1":"product","2":"type-product","3":"status-publish","4":"has-post-thumbnail","6":"online_sale-septembre-2025","7":"product_cat-non-classe","9":"first","10":"instock","11":"shipping-taxable","12":"purchasable","13":"product-type-auction"},"acf":[],"_links":{"self":[{"href":"https:\/\/letempsjadisauction.com\/en\/wp-json\/wp\/v2\/product\/7755","targetHints":{"allow":["GET"]}}],"collection":[{"href":"https:\/\/letempsjadisauction.com\/en\/wp-json\/wp\/v2\/product"}],"about":[{"href":"https:\/\/letempsjadisauction.com\/en\/wp-json\/wp\/v2\/types\/product"}],"wp:featuredmedia":[{"embeddable":true,"href":"https:\/\/letempsjadisauction.com\/en\/wp-json\/wp\/v2\/media\/7915"}],"wp:attachment":[{"href":"https:\/\/letempsjadisauction.com\/en\/wp-json\/wp\/v2\/media?parent=7755"}],"wp:term":[{"taxonomy":"online_sale","embeddable":true,"href":"https:\/\/letempsjadisauction.com\/en\/wp-json\/wp\/v2\/online_sale?post=7755"},{"taxonomy":"product_brand","embeddable":true,"href":"https:\/\/letempsjadisauction.com\/en\/wp-json\/wp\/v2\/product_brand?post=7755"},{"taxonomy":"product_cat","embeddable":true,"href":"https:\/\/letempsjadisauction.com\/en\/wp-json\/wp\/v2\/product_cat?post=7755"},{"taxonomy":"product_tag","embeddable":true,"href":"https:\/\/letempsjadisauction.com\/en\/wp-json\/wp\/v2\/product_tag?post=7755"}],"curies":[{"name":"wp","href":"https:\/\/api.w.org\/{rel}","templated":true}]}}