{"id":7795,"date":"2025-09-06T18:10:50","date_gmt":"2025-09-06T18:10:50","guid":{"rendered":"https:\/\/letempsjadisauction.com\/?post_type=product&#038;p=7795"},"modified":"2025-09-24T13:52:02","modified_gmt":"2025-09-24T13:52:02","slug":"117-boite-a-the-en-argent-massif-repousse-probablement-angleterre-fin-xixe-debut-xxe-siecle","status":"publish","type":"product","link":"https:\/\/letempsjadisauction.com\/en\/auction\/117-boite-a-the-en-argent-massif-repousse-probablement-angleterre-fin-xixe-debut-xxe-siecle\/","title":{"rendered":"117. Bo\u00eete \u00e0 th\u00e9 en argent massif repouss\u00e9 Probablement Angleterre, fin XIXe \u2013 d\u00e9but XXe si\u00e8cle"},"content":{"rendered":"<p>Description compl\u00e8te visible dans le catalogue PDF <a href=\"https:\/\/online.fliphtml5.com\/khmkgb\/wear\/#p=121\" target=\"_blank\" rel=\"noopener\">https:\/\/online.fliphtml5.com\/khmkgb\/wear\/#p=121<\/a><\/p>","protected":false},"excerpt":{"rendered":"<p>Bo\u00eete \u00e0 th\u00e9 en argent massif repouss\u00e9 Probablement Angleterre, fin XIXe \u2013 d\u00e9but XXe si\u00e8cle<\/p>","protected":false},"featured_media":8050,"template":"","meta":{"_acf_changed":false,"inline_featured_image":false},"online_sale":[61],"product_brand":[],"product_cat":[18],"product_tag":[],"class_list":{"0":"post-7795","1":"product","2":"type-product","3":"status-publish","4":"has-post-thumbnail","6":"online_sale-septembre-2025","7":"product_cat-non-classe","9":"first","10":"instock","11":"shipping-taxable","12":"purchasable","13":"product-type-auction"},"acf":[],"_links":{"self":[{"href":"https:\/\/letempsjadisauction.com\/en\/wp-json\/wp\/v2\/product\/7795","targetHints":{"allow":["GET"]}}],"collection":[{"href":"https:\/\/letempsjadisauction.com\/en\/wp-json\/wp\/v2\/product"}],"about":[{"href":"https:\/\/letempsjadisauction.com\/en\/wp-json\/wp\/v2\/types\/product"}],"wp:featuredmedia":[{"embeddable":true,"href":"https:\/\/letempsjadisauction.com\/en\/wp-json\/wp\/v2\/media\/8050"}],"wp:attachment":[{"href":"https:\/\/letempsjadisauction.com\/en\/wp-json\/wp\/v2\/media?parent=7795"}],"wp:term":[{"taxonomy":"online_sale","embeddable":true,"href":"https:\/\/letempsjadisauction.com\/en\/wp-json\/wp\/v2\/online_sale?post=7795"},{"taxonomy":"product_brand","embeddable":true,"href":"https:\/\/letempsjadisauction.com\/en\/wp-json\/wp\/v2\/product_brand?post=7795"},{"taxonomy":"product_cat","embeddable":true,"href":"https:\/\/letempsjadisauction.com\/en\/wp-json\/wp\/v2\/product_cat?post=7795"},{"taxonomy":"product_tag","embeddable":true,"href":"https:\/\/letempsjadisauction.com\/en\/wp-json\/wp\/v2\/product_tag?post=7795"}],"curies":[{"name":"wp","href":"https:\/\/api.w.org\/{rel}","templated":true}]}}