{"id":7837,"date":"2025-09-06T18:11:41","date_gmt":"2025-09-06T18:11:41","guid":{"rendered":"https:\/\/letempsjadisauction.com\/?post_type=product&#038;p=7837"},"modified":"2025-09-24T15:16:04","modified_gmt":"2025-09-24T15:16:04","slug":"159-herge-dapres-objectif-lune-plaque-emaillee-polychrome","status":"publish","type":"product","link":"https:\/\/letempsjadisauction.com\/en\/auction\/159-herge-dapres-objectif-lune-plaque-emaillee-polychrome\/","title":{"rendered":"159. Herg\u00e9 (d\u2019apr\u00e8s) \u2014   Objectif Lune  , plaque \u00e9maill\u00e9e polychrome."},"content":{"rendered":"<p>Description compl\u00e8te visible dans le catalogue PDF <a href=\"https:\/\/online.fliphtml5.com\/khmkgb\/wear\/#p=159\" target=\"_blank\" rel=\"noopener\">https:\/\/online.fliphtml5.com\/khmkgb\/wear\/#p=159<\/a><\/p>","protected":false},"excerpt":{"rendered":"<p>Herg\u00e9 (d\u2019apr\u00e8s) \u2014 Objectif Lune , plaque \u00e9maill\u00e9e polychrome.<\/p>","protected":false},"featured_media":8021,"template":"","meta":{"_acf_changed":false,"inline_featured_image":false},"online_sale":[61],"product_brand":[],"product_cat":[18],"product_tag":[],"class_list":{"0":"post-7837","1":"product","2":"type-product","3":"status-publish","4":"has-post-thumbnail","6":"online_sale-septembre-2025","7":"product_cat-non-classe","9":"first","10":"instock","11":"shipping-taxable","12":"purchasable","13":"product-type-auction"},"acf":[],"_links":{"self":[{"href":"https:\/\/letempsjadisauction.com\/en\/wp-json\/wp\/v2\/product\/7837","targetHints":{"allow":["GET"]}}],"collection":[{"href":"https:\/\/letempsjadisauction.com\/en\/wp-json\/wp\/v2\/product"}],"about":[{"href":"https:\/\/letempsjadisauction.com\/en\/wp-json\/wp\/v2\/types\/product"}],"wp:featuredmedia":[{"embeddable":true,"href":"https:\/\/letempsjadisauction.com\/en\/wp-json\/wp\/v2\/media\/8021"}],"wp:attachment":[{"href":"https:\/\/letempsjadisauction.com\/en\/wp-json\/wp\/v2\/media?parent=7837"}],"wp:term":[{"taxonomy":"online_sale","embeddable":true,"href":"https:\/\/letempsjadisauction.com\/en\/wp-json\/wp\/v2\/online_sale?post=7837"},{"taxonomy":"product_brand","embeddable":true,"href":"https:\/\/letempsjadisauction.com\/en\/wp-json\/wp\/v2\/product_brand?post=7837"},{"taxonomy":"product_cat","embeddable":true,"href":"https:\/\/letempsjadisauction.com\/en\/wp-json\/wp\/v2\/product_cat?post=7837"},{"taxonomy":"product_tag","embeddable":true,"href":"https:\/\/letempsjadisauction.com\/en\/wp-json\/wp\/v2\/product_tag?post=7837"}],"curies":[{"name":"wp","href":"https:\/\/api.w.org\/{rel}","templated":true}]}}