{"id":7845,"date":"2025-09-06T18:12:03","date_gmt":"2025-09-06T18:12:03","guid":{"rendered":"https:\/\/letempsjadisauction.com\/?post_type=product&#038;p=7845"},"modified":"2025-09-24T15:32:02","modified_gmt":"2025-09-24T15:32:02","slug":"167-quatre-bleus-de-lampeco-formes-poetiques-en-ceramique-contemporaine-attribue-a-antonio-lampecco-italie-belgique-annees-1980-1990","status":"publish","type":"product","link":"https:\/\/letempsjadisauction.com\/en\/auction\/167-quatre-bleus-de-lampeco-formes-poetiques-en-ceramique-contemporaine-attribue-a-antonio-lampecco-italie-belgique-annees-1980-1990\/","title":{"rendered":"167. Quatre bleus de Lampeco \u2013 Formes po\u00e9tiques en c\u00e9ramique contemporaine Attribu\u00e9 \u00e0 Antonio Lampecco (Italie\u2013Belgique), ann\u00e9es 1980\u20131990"},"content":{"rendered":"<p>Description compl\u00e8te visible dans le catalogue PDF <a href=\"https:\/\/online.fliphtml5.com\/khmkgb\/wear\/#p=167\" target=\"_blank\" rel=\"noopener\">https:\/\/online.fliphtml5.com\/khmkgb\/wear\/#p=167<\/a><\/p>","protected":false},"excerpt":{"rendered":"<p>Quatre bleus de Lampeco \u2013 Formes po\u00e9tiques en c\u00e9ramique contemporaine Attribu\u00e9 \u00e0 Antonio Lampecco (Italie\u2013Belgique), ann\u00e9es 1980\u20131990<\/p>","protected":false},"featured_media":7882,"template":"","meta":{"_acf_changed":false,"inline_featured_image":false},"online_sale":[61],"product_brand":[],"product_cat":[18],"product_tag":[],"class_list":{"0":"post-7845","1":"product","2":"type-product","3":"status-publish","4":"has-post-thumbnail","6":"online_sale-septembre-2025","7":"product_cat-non-classe","9":"first","10":"instock","11":"shipping-taxable","12":"purchasable","13":"product-type-auction"},"acf":[],"_links":{"self":[{"href":"https:\/\/letempsjadisauction.com\/en\/wp-json\/wp\/v2\/product\/7845","targetHints":{"allow":["GET"]}}],"collection":[{"href":"https:\/\/letempsjadisauction.com\/en\/wp-json\/wp\/v2\/product"}],"about":[{"href":"https:\/\/letempsjadisauction.com\/en\/wp-json\/wp\/v2\/types\/product"}],"wp:featuredmedia":[{"embeddable":true,"href":"https:\/\/letempsjadisauction.com\/en\/wp-json\/wp\/v2\/media\/7882"}],"wp:attachment":[{"href":"https:\/\/letempsjadisauction.com\/en\/wp-json\/wp\/v2\/media?parent=7845"}],"wp:term":[{"taxonomy":"online_sale","embeddable":true,"href":"https:\/\/letempsjadisauction.com\/en\/wp-json\/wp\/v2\/online_sale?post=7845"},{"taxonomy":"product_brand","embeddable":true,"href":"https:\/\/letempsjadisauction.com\/en\/wp-json\/wp\/v2\/product_brand?post=7845"},{"taxonomy":"product_cat","embeddable":true,"href":"https:\/\/letempsjadisauction.com\/en\/wp-json\/wp\/v2\/product_cat?post=7845"},{"taxonomy":"product_tag","embeddable":true,"href":"https:\/\/letempsjadisauction.com\/en\/wp-json\/wp\/v2\/product_tag?post=7845"}],"curies":[{"name":"wp","href":"https:\/\/api.w.org\/{rel}","templated":true}]}}