{"id":7851,"date":"2025-09-06T18:12:02","date_gmt":"2025-09-06T18:12:02","guid":{"rendered":"https:\/\/letempsjadisauction.com\/?post_type=product&#038;p=7851"},"modified":"2025-09-24T15:44:02","modified_gmt":"2025-09-24T15:44:02","slug":"173-grande-statue-khmere-feminine-en-attitude-de-benediction-cambodge-style-post-bayon-ou-influence-lao-thailandaise-xive-xviie-siecle","status":"publish","type":"product","link":"https:\/\/letempsjadisauction.com\/en\/auction\/173-grande-statue-khmere-feminine-en-attitude-de-benediction-cambodge-style-post-bayon-ou-influence-lao-thailandaise-xive-xviie-siecle\/","title":{"rendered":"173. Grande statue khm\u00e8re f\u00e9minine en attitude de b\u00e9n\u00e9diction Cambodge, style post-Bayon ou influence Lao\/Tha\u00eflandaise (XIVe \u2013 XVIIe si\u00e8cle)"},"content":{"rendered":"<p>Description compl\u00e8te visible dans le catalogue PDF <a href=\"https:\/\/online.fliphtml5.com\/khmkgb\/wear\/#p=173\" target=\"_blank\" rel=\"noopener\">https:\/\/online.fliphtml5.com\/khmkgb\/wear\/#p=173<\/a><\/p>","protected":false},"excerpt":{"rendered":"<p>Grande statue khm\u00e8re f\u00e9minine en attitude de b\u00e9n\u00e9diction Cambodge, style post-Bayon ou influence Lao\/ Tha\u00eflandaise (XIVe \u2013 XVIIe si\u00e8cle)<\/p>","protected":false},"featured_media":7876,"template":"","meta":{"_acf_changed":false,"inline_featured_image":false},"online_sale":[61],"product_brand":[],"product_cat":[18],"product_tag":[],"class_list":{"0":"post-7851","1":"product","2":"type-product","3":"status-publish","4":"has-post-thumbnail","6":"online_sale-septembre-2025","7":"product_cat-non-classe","9":"first","10":"instock","11":"shipping-taxable","12":"purchasable","13":"product-type-auction"},"acf":[],"_links":{"self":[{"href":"https:\/\/letempsjadisauction.com\/en\/wp-json\/wp\/v2\/product\/7851","targetHints":{"allow":["GET"]}}],"collection":[{"href":"https:\/\/letempsjadisauction.com\/en\/wp-json\/wp\/v2\/product"}],"about":[{"href":"https:\/\/letempsjadisauction.com\/en\/wp-json\/wp\/v2\/types\/product"}],"wp:featuredmedia":[{"embeddable":true,"href":"https:\/\/letempsjadisauction.com\/en\/wp-json\/wp\/v2\/media\/7876"}],"wp:attachment":[{"href":"https:\/\/letempsjadisauction.com\/en\/wp-json\/wp\/v2\/media?parent=7851"}],"wp:term":[{"taxonomy":"online_sale","embeddable":true,"href":"https:\/\/letempsjadisauction.com\/en\/wp-json\/wp\/v2\/online_sale?post=7851"},{"taxonomy":"product_brand","embeddable":true,"href":"https:\/\/letempsjadisauction.com\/en\/wp-json\/wp\/v2\/product_brand?post=7851"},{"taxonomy":"product_cat","embeddable":true,"href":"https:\/\/letempsjadisauction.com\/en\/wp-json\/wp\/v2\/product_cat?post=7851"},{"taxonomy":"product_tag","embeddable":true,"href":"https:\/\/letempsjadisauction.com\/en\/wp-json\/wp\/v2\/product_tag?post=7851"}],"curies":[{"name":"wp","href":"https:\/\/api.w.org\/{rel}","templated":true}]}}