{"id":7863,"date":"2025-09-06T18:12:20","date_gmt":"2025-09-06T18:12:20","guid":{"rendered":"https:\/\/letempsjadisauction.com\/?post_type=product&#038;p=7863"},"modified":"2025-09-24T16:08:18","modified_gmt":"2025-09-24T16:08:18","slug":"185-juan-kiti-soulagement-2025-gouache-speciale-ultra-mate-noire-sur-toile-140-x-120-cm","status":"publish","type":"product","link":"https:\/\/letempsjadisauction.com\/en\/auction\/185-juan-kiti-soulagement-2025-gouache-speciale-ultra-mate-noire-sur-toile-140-x-120-cm\/","title":{"rendered":"185. Juan Kiti Soulagement, 2025 Gouache sp\u00e9ciale ultra-mate noire sur toile, 140 \u00d7 120 cm."},"content":{"rendered":"<p>Description compl\u00e8te visible dans le catalogue PDF <a href=\"https:\/\/online.fliphtml5.com\/khmkgb\/wear\/#p=185\" target=\"_blank\" rel=\"noopener\">https:\/\/online.fliphtml5.com\/khmkgb\/wear\/#p=185<\/a><\/p>","protected":false},"excerpt":{"rendered":"<p>Juan Kiti Soulagement, 2025 Gouache sp\u00e9ciale ultra-mate noire sur toile, 140 \u00d7 120 cm.<\/p>","protected":false},"featured_media":8016,"template":"","meta":{"_acf_changed":false,"inline_featured_image":false},"online_sale":[61],"product_brand":[],"product_cat":[18],"product_tag":[],"class_list":{"0":"post-7863","1":"product","2":"type-product","3":"status-publish","4":"has-post-thumbnail","6":"online_sale-septembre-2025","7":"product_cat-non-classe","9":"first","10":"instock","11":"shipping-taxable","12":"purchasable","13":"product-type-auction"},"acf":[],"_links":{"self":[{"href":"https:\/\/letempsjadisauction.com\/en\/wp-json\/wp\/v2\/product\/7863","targetHints":{"allow":["GET"]}}],"collection":[{"href":"https:\/\/letempsjadisauction.com\/en\/wp-json\/wp\/v2\/product"}],"about":[{"href":"https:\/\/letempsjadisauction.com\/en\/wp-json\/wp\/v2\/types\/product"}],"wp:featuredmedia":[{"embeddable":true,"href":"https:\/\/letempsjadisauction.com\/en\/wp-json\/wp\/v2\/media\/8016"}],"wp:attachment":[{"href":"https:\/\/letempsjadisauction.com\/en\/wp-json\/wp\/v2\/media?parent=7863"}],"wp:term":[{"taxonomy":"online_sale","embeddable":true,"href":"https:\/\/letempsjadisauction.com\/en\/wp-json\/wp\/v2\/online_sale?post=7863"},{"taxonomy":"product_brand","embeddable":true,"href":"https:\/\/letempsjadisauction.com\/en\/wp-json\/wp\/v2\/product_brand?post=7863"},{"taxonomy":"product_cat","embeddable":true,"href":"https:\/\/letempsjadisauction.com\/en\/wp-json\/wp\/v2\/product_cat?post=7863"},{"taxonomy":"product_tag","embeddable":true,"href":"https:\/\/letempsjadisauction.com\/en\/wp-json\/wp\/v2\/product_tag?post=7863"}],"curies":[{"name":"wp","href":"https:\/\/api.w.org\/{rel}","templated":true}]}}