{"id":7869,"date":"2025-09-06T18:12:20","date_gmt":"2025-09-06T18:12:20","guid":{"rendered":"https:\/\/letempsjadisauction.com\/?post_type=product&#038;p=7869"},"modified":"2025-09-24T16:20:02","modified_gmt":"2025-09-24T16:20:02","slug":"191-salon-de-style-napoleon-iii","status":"publish","type":"product","link":"https:\/\/letempsjadisauction.com\/en\/auction\/191-salon-de-style-napoleon-iii\/","title":{"rendered":"191. Salon de style Napol\u00e9on III"},"content":{"rendered":"<p><a href=\"https:\/\/online.fliphtml5.com\/khmkgb\/wear\/#p=47\" target=\"_blank\" rel=\"noopener\">Description compl\u00e8te visible dans le catalogue PDF<\/a><\/p>","protected":false},"excerpt":{"rendered":"<p>Salon de style Napol\u00e9on III \u00e0 d\u00e9cor rocaille, vers 1940\u201360<\/p>","protected":false},"featured_media":8009,"template":"","meta":{"_acf_changed":false,"inline_featured_image":false},"online_sale":[61],"product_brand":[],"product_cat":[18],"product_tag":[],"class_list":{"0":"post-7869","1":"product","2":"type-product","3":"status-publish","4":"has-post-thumbnail","6":"online_sale-septembre-2025","7":"product_cat-non-classe","9":"first","10":"instock","11":"shipping-taxable","12":"purchasable","13":"product-type-auction"},"acf":[],"_links":{"self":[{"href":"https:\/\/letempsjadisauction.com\/en\/wp-json\/wp\/v2\/product\/7869","targetHints":{"allow":["GET"]}}],"collection":[{"href":"https:\/\/letempsjadisauction.com\/en\/wp-json\/wp\/v2\/product"}],"about":[{"href":"https:\/\/letempsjadisauction.com\/en\/wp-json\/wp\/v2\/types\/product"}],"wp:featuredmedia":[{"embeddable":true,"href":"https:\/\/letempsjadisauction.com\/en\/wp-json\/wp\/v2\/media\/8009"}],"wp:attachment":[{"href":"https:\/\/letempsjadisauction.com\/en\/wp-json\/wp\/v2\/media?parent=7869"}],"wp:term":[{"taxonomy":"online_sale","embeddable":true,"href":"https:\/\/letempsjadisauction.com\/en\/wp-json\/wp\/v2\/online_sale?post=7869"},{"taxonomy":"product_brand","embeddable":true,"href":"https:\/\/letempsjadisauction.com\/en\/wp-json\/wp\/v2\/product_brand?post=7869"},{"taxonomy":"product_cat","embeddable":true,"href":"https:\/\/letempsjadisauction.com\/en\/wp-json\/wp\/v2\/product_cat?post=7869"},{"taxonomy":"product_tag","embeddable":true,"href":"https:\/\/letempsjadisauction.com\/en\/wp-json\/wp\/v2\/product_tag?post=7869"}],"curies":[{"name":"wp","href":"https:\/\/api.w.org\/{rel}","templated":true}]}}