{"id":9060,"date":"2025-10-11T18:11:08","date_gmt":"2025-10-11T18:11:08","guid":{"rendered":"https:\/\/letempsjadisauction.com\/?post_type=product&#038;p=9060"},"modified":"2025-10-28T16:03:31","modified_gmt":"2025-10-28T16:03:31","slug":"6-cadre-neogothique-en-bois-sculpte-et-ajoure","status":"publish","type":"product","link":"https:\/\/letempsjadisauction.com\/en\/auction\/6-cadre-neogothique-en-bois-sculpte-et-ajoure\/","title":{"rendered":"6. Cadre n\u00e9ogothique en bois sculpt\u00e9 et ajour\u00e9"},"content":{"rendered":"<p>Cadre de style n\u00e9ogothique, bois sculpt\u00e9 et ajour\u00e9, 19eme si\u00e8cle, 52 \u00d7 23 cm<\/p>","protected":false},"excerpt":{"rendered":"<p>Cadre n\u00e9ogothique en bois sculpt\u00e9 et ajour\u00e9<\/p>","protected":false},"featured_media":8215,"template":"","meta":{"_acf_changed":false,"inline_featured_image":false},"online_sale":[62],"product_brand":[],"product_cat":[18],"product_tag":[],"class_list":{"0":"post-9060","1":"product","2":"type-product","3":"status-publish","4":"has-post-thumbnail","6":"online_sale-octobre-2025","7":"product_cat-non-classe","9":"first","10":"instock","11":"shipping-taxable","12":"purchasable","13":"product-type-auction"},"acf":[],"_links":{"self":[{"href":"https:\/\/letempsjadisauction.com\/en\/wp-json\/wp\/v2\/product\/9060","targetHints":{"allow":["GET"]}}],"collection":[{"href":"https:\/\/letempsjadisauction.com\/en\/wp-json\/wp\/v2\/product"}],"about":[{"href":"https:\/\/letempsjadisauction.com\/en\/wp-json\/wp\/v2\/types\/product"}],"wp:featuredmedia":[{"embeddable":true,"href":"https:\/\/letempsjadisauction.com\/en\/wp-json\/wp\/v2\/media\/8215"}],"wp:attachment":[{"href":"https:\/\/letempsjadisauction.com\/en\/wp-json\/wp\/v2\/media?parent=9060"}],"wp:term":[{"taxonomy":"online_sale","embeddable":true,"href":"https:\/\/letempsjadisauction.com\/en\/wp-json\/wp\/v2\/online_sale?post=9060"},{"taxonomy":"product_brand","embeddable":true,"href":"https:\/\/letempsjadisauction.com\/en\/wp-json\/wp\/v2\/product_brand?post=9060"},{"taxonomy":"product_cat","embeddable":true,"href":"https:\/\/letempsjadisauction.com\/en\/wp-json\/wp\/v2\/product_cat?post=9060"},{"taxonomy":"product_tag","embeddable":true,"href":"https:\/\/letempsjadisauction.com\/en\/wp-json\/wp\/v2\/product_tag?post=9060"}],"curies":[{"name":"wp","href":"https:\/\/api.w.org\/{rel}","templated":true}]}}