{"id":9075,"date":"2025-10-11T18:11:12","date_gmt":"2025-10-11T18:11:12","guid":{"rendered":"https:\/\/letempsjadisauction.com\/?post_type=product&#038;p=9075"},"modified":"2025-10-11T18:11:12","modified_gmt":"2025-10-11T18:11:12","slug":"21-plat-a-offrandes-de-nuremberg-en-cuivre-martele","status":"publish","type":"product","link":"https:\/\/letempsjadisauction.com\/en\/auction\/21-plat-a-offrandes-de-nuremberg-en-cuivre-martele\/","title":{"rendered":"21. Plat \u00e0 offrandes de Nuremberg en cuivre martel\u00e9"},"content":{"rendered":"<p>Plat \u00e0 offrandes ou qu\u00eate de Nuremberg, cuivre martel\u00e9 et repouss\u00e9, 43 cm<\/p>","protected":false},"excerpt":{"rendered":"<p>Plat \u00e0 offrandes de Nuremberg en cuivre martel\u00e9<\/p>","protected":false},"featured_media":8263,"template":"","meta":{"_acf_changed":false,"inline_featured_image":false},"online_sale":[62],"product_brand":[],"product_cat":[18],"product_tag":[],"class_list":{"0":"post-9075","1":"product","2":"type-product","3":"status-publish","4":"has-post-thumbnail","6":"online_sale-octobre-2025","7":"product_cat-non-classe","9":"first","10":"instock","11":"shipping-taxable","12":"purchasable","13":"product-type-auction"},"acf":[],"_links":{"self":[{"href":"https:\/\/letempsjadisauction.com\/en\/wp-json\/wp\/v2\/product\/9075","targetHints":{"allow":["GET"]}}],"collection":[{"href":"https:\/\/letempsjadisauction.com\/en\/wp-json\/wp\/v2\/product"}],"about":[{"href":"https:\/\/letempsjadisauction.com\/en\/wp-json\/wp\/v2\/types\/product"}],"wp:featuredmedia":[{"embeddable":true,"href":"https:\/\/letempsjadisauction.com\/en\/wp-json\/wp\/v2\/media\/8263"}],"wp:attachment":[{"href":"https:\/\/letempsjadisauction.com\/en\/wp-json\/wp\/v2\/media?parent=9075"}],"wp:term":[{"taxonomy":"online_sale","embeddable":true,"href":"https:\/\/letempsjadisauction.com\/en\/wp-json\/wp\/v2\/online_sale?post=9075"},{"taxonomy":"product_brand","embeddable":true,"href":"https:\/\/letempsjadisauction.com\/en\/wp-json\/wp\/v2\/product_brand?post=9075"},{"taxonomy":"product_cat","embeddable":true,"href":"https:\/\/letempsjadisauction.com\/en\/wp-json\/wp\/v2\/product_cat?post=9075"},{"taxonomy":"product_tag","embeddable":true,"href":"https:\/\/letempsjadisauction.com\/en\/wp-json\/wp\/v2\/product_tag?post=9075"}],"curies":[{"name":"wp","href":"https:\/\/api.w.org\/{rel}","templated":true}]}}