{"id":9077,"date":"2025-10-11T18:11:31","date_gmt":"2025-10-11T18:11:31","guid":{"rendered":"https:\/\/letempsjadisauction.com\/?post_type=product&#038;p=9077"},"modified":"2025-10-11T18:11:31","modified_gmt":"2025-10-11T18:11:31","slug":"23-plat-a-offrandes-de-nuremberg-en-cuivre-martele","status":"publish","type":"product","link":"https:\/\/letempsjadisauction.com\/en\/auction\/23-plat-a-offrandes-de-nuremberg-en-cuivre-martele\/","title":{"rendered":"23. Plat \u00e0 offrandes de Nuremberg en cuivre martel\u00e9"},"content":{"rendered":"<p>Plat \u00e0 offrandes ou qu\u00eate de Nuremberg, cuivre martel\u00e9 et repouss\u00e9,  43 cm<\/p>","protected":false},"excerpt":{"rendered":"<p>Plat \u00e0 offrandes de Nuremberg en cuivre martel\u00e9<\/p>","protected":false},"featured_media":8267,"template":"","meta":{"_acf_changed":false,"inline_featured_image":false},"online_sale":[62],"product_brand":[],"product_cat":[18],"product_tag":[],"class_list":{"0":"post-9077","1":"product","2":"type-product","3":"status-publish","4":"has-post-thumbnail","6":"online_sale-octobre-2025","7":"product_cat-non-classe","9":"first","10":"instock","11":"shipping-taxable","12":"purchasable","13":"product-type-auction"},"acf":[],"_links":{"self":[{"href":"https:\/\/letempsjadisauction.com\/en\/wp-json\/wp\/v2\/product\/9077","targetHints":{"allow":["GET"]}}],"collection":[{"href":"https:\/\/letempsjadisauction.com\/en\/wp-json\/wp\/v2\/product"}],"about":[{"href":"https:\/\/letempsjadisauction.com\/en\/wp-json\/wp\/v2\/types\/product"}],"wp:featuredmedia":[{"embeddable":true,"href":"https:\/\/letempsjadisauction.com\/en\/wp-json\/wp\/v2\/media\/8267"}],"wp:attachment":[{"href":"https:\/\/letempsjadisauction.com\/en\/wp-json\/wp\/v2\/media?parent=9077"}],"wp:term":[{"taxonomy":"online_sale","embeddable":true,"href":"https:\/\/letempsjadisauction.com\/en\/wp-json\/wp\/v2\/online_sale?post=9077"},{"taxonomy":"product_brand","embeddable":true,"href":"https:\/\/letempsjadisauction.com\/en\/wp-json\/wp\/v2\/product_brand?post=9077"},{"taxonomy":"product_cat","embeddable":true,"href":"https:\/\/letempsjadisauction.com\/en\/wp-json\/wp\/v2\/product_cat?post=9077"},{"taxonomy":"product_tag","embeddable":true,"href":"https:\/\/letempsjadisauction.com\/en\/wp-json\/wp\/v2\/product_tag?post=9077"}],"curies":[{"name":"wp","href":"https:\/\/api.w.org\/{rel}","templated":true}]}}