{"id":9104,"date":"2025-10-11T18:11:54","date_gmt":"2025-10-11T18:11:54","guid":{"rendered":"https:\/\/letempsjadisauction.com\/?post_type=product&#038;p=9104"},"modified":"2025-10-11T18:11:54","modified_gmt":"2025-10-11T18:11:54","slug":"50-chope-au-cheval-travail-allemand-1803","status":"publish","type":"product","link":"https:\/\/letempsjadisauction.com\/en\/auction\/50-chope-au-cheval-travail-allemand-1803\/","title":{"rendered":"50. Chope au cheval, travail allemand, 1803"},"content":{"rendered":"<p>Travail allemand, Chope \u00e0 d\u00e9cors de cheval,  faience polychrome et couvercle en \u00e9tain marqu\u00e9 1803 MCH, 25 cm, <\/p>","protected":false},"excerpt":{"rendered":"<p>Chope au cheval, travail allemand, 1803<\/p>","protected":false},"featured_media":8345,"template":"","meta":{"_acf_changed":false,"inline_featured_image":false},"online_sale":[62],"product_brand":[],"product_cat":[18],"product_tag":[],"class_list":{"0":"post-9104","1":"product","2":"type-product","3":"status-publish","4":"has-post-thumbnail","6":"online_sale-octobre-2025","7":"product_cat-non-classe","9":"first","10":"instock","11":"shipping-taxable","12":"purchasable","13":"product-type-auction"},"acf":[],"_links":{"self":[{"href":"https:\/\/letempsjadisauction.com\/en\/wp-json\/wp\/v2\/product\/9104","targetHints":{"allow":["GET"]}}],"collection":[{"href":"https:\/\/letempsjadisauction.com\/en\/wp-json\/wp\/v2\/product"}],"about":[{"href":"https:\/\/letempsjadisauction.com\/en\/wp-json\/wp\/v2\/types\/product"}],"wp:featuredmedia":[{"embeddable":true,"href":"https:\/\/letempsjadisauction.com\/en\/wp-json\/wp\/v2\/media\/8345"}],"wp:attachment":[{"href":"https:\/\/letempsjadisauction.com\/en\/wp-json\/wp\/v2\/media?parent=9104"}],"wp:term":[{"taxonomy":"online_sale","embeddable":true,"href":"https:\/\/letempsjadisauction.com\/en\/wp-json\/wp\/v2\/online_sale?post=9104"},{"taxonomy":"product_brand","embeddable":true,"href":"https:\/\/letempsjadisauction.com\/en\/wp-json\/wp\/v2\/product_brand?post=9104"},{"taxonomy":"product_cat","embeddable":true,"href":"https:\/\/letempsjadisauction.com\/en\/wp-json\/wp\/v2\/product_cat?post=9104"},{"taxonomy":"product_tag","embeddable":true,"href":"https:\/\/letempsjadisauction.com\/en\/wp-json\/wp\/v2\/product_tag?post=9104"}],"curies":[{"name":"wp","href":"https:\/\/api.w.org\/{rel}","templated":true}]}}