{"id":9107,"date":"2025-10-11T18:11:53","date_gmt":"2025-10-11T18:11:53","guid":{"rendered":"https:\/\/letempsjadisauction.com\/?post_type=product&#038;p=9107"},"modified":"2025-10-13T08:41:14","modified_gmt":"2025-10-13T08:41:14","slug":"53-pichet-a-decor-floral-faience-de-bruxelles-18e-siecle","status":"publish","type":"product","link":"https:\/\/letempsjadisauction.com\/en\/auction\/53-pichet-a-decor-floral-faience-de-bruxelles-18e-siecle\/","title":{"rendered":"53. Pichet \u00e0 d\u00e9cor floral, fa\u00efence de Bruxelles"},"content":{"rendered":"<p>Faience de Bruxelles, pichet \u00e0 d\u00e9cors de fleurs, faience polychrome et couvercle en \u00e9tain, H. 28 cm<\/p>","protected":false},"excerpt":{"rendered":"<p>Pichet \u00e0 d\u00e9cor floral, fa\u00efence de Bruxelles, 18e si\u00e8cle<\/p>","protected":false},"featured_media":8360,"template":"","meta":{"_acf_changed":false,"inline_featured_image":false},"online_sale":[62],"product_brand":[],"product_cat":[18],"product_tag":[],"class_list":{"0":"post-9107","1":"product","2":"type-product","3":"status-publish","4":"has-post-thumbnail","6":"online_sale-octobre-2025","7":"product_cat-non-classe","9":"first","10":"instock","11":"shipping-taxable","12":"purchasable","13":"product-type-auction"},"acf":[],"_links":{"self":[{"href":"https:\/\/letempsjadisauction.com\/en\/wp-json\/wp\/v2\/product\/9107","targetHints":{"allow":["GET"]}}],"collection":[{"href":"https:\/\/letempsjadisauction.com\/en\/wp-json\/wp\/v2\/product"}],"about":[{"href":"https:\/\/letempsjadisauction.com\/en\/wp-json\/wp\/v2\/types\/product"}],"wp:featuredmedia":[{"embeddable":true,"href":"https:\/\/letempsjadisauction.com\/en\/wp-json\/wp\/v2\/media\/8360"}],"wp:attachment":[{"href":"https:\/\/letempsjadisauction.com\/en\/wp-json\/wp\/v2\/media?parent=9107"}],"wp:term":[{"taxonomy":"online_sale","embeddable":true,"href":"https:\/\/letempsjadisauction.com\/en\/wp-json\/wp\/v2\/online_sale?post=9107"},{"taxonomy":"product_brand","embeddable":true,"href":"https:\/\/letempsjadisauction.com\/en\/wp-json\/wp\/v2\/product_brand?post=9107"},{"taxonomy":"product_cat","embeddable":true,"href":"https:\/\/letempsjadisauction.com\/en\/wp-json\/wp\/v2\/product_cat?post=9107"},{"taxonomy":"product_tag","embeddable":true,"href":"https:\/\/letempsjadisauction.com\/en\/wp-json\/wp\/v2\/product_tag?post=9107"}],"curies":[{"name":"wp","href":"https:\/\/api.w.org\/{rel}","templated":true}]}}