{"id":9111,"date":"2025-10-11T18:11:55","date_gmt":"2025-10-11T18:11:55","guid":{"rendered":"https:\/\/letempsjadisauction.com\/?post_type=product&#038;p=9111"},"modified":"2025-10-11T18:11:55","modified_gmt":"2025-10-11T18:11:55","slug":"57-chope-a-decor-darchitectures-travail-allemand","status":"publish","type":"product","link":"https:\/\/letempsjadisauction.com\/en\/auction\/57-chope-a-decor-darchitectures-travail-allemand\/","title":{"rendered":"57. Chope \u00e0 d\u00e9cor d\u2019architectures, travail allemand"},"content":{"rendered":"<p>Travail allemand, Chope \u00e0 d\u00e9cors d&rsquo;architectures, faience polychrome et couvercle en \u00e9tain,  H. 22 cm<\/p>","protected":false},"excerpt":{"rendered":"<p>Chope \u00e0 d\u00e9cor d\u2019architectures, travail allemand<\/p>","protected":false},"featured_media":8377,"template":"","meta":{"_acf_changed":false,"inline_featured_image":false},"online_sale":[62],"product_brand":[],"product_cat":[18],"product_tag":[],"class_list":{"0":"post-9111","1":"product","2":"type-product","3":"status-publish","4":"has-post-thumbnail","6":"online_sale-octobre-2025","7":"product_cat-non-classe","9":"first","10":"instock","11":"shipping-taxable","12":"purchasable","13":"product-type-auction"},"acf":[],"_links":{"self":[{"href":"https:\/\/letempsjadisauction.com\/en\/wp-json\/wp\/v2\/product\/9111","targetHints":{"allow":["GET"]}}],"collection":[{"href":"https:\/\/letempsjadisauction.com\/en\/wp-json\/wp\/v2\/product"}],"about":[{"href":"https:\/\/letempsjadisauction.com\/en\/wp-json\/wp\/v2\/types\/product"}],"wp:featuredmedia":[{"embeddable":true,"href":"https:\/\/letempsjadisauction.com\/en\/wp-json\/wp\/v2\/media\/8377"}],"wp:attachment":[{"href":"https:\/\/letempsjadisauction.com\/en\/wp-json\/wp\/v2\/media?parent=9111"}],"wp:term":[{"taxonomy":"online_sale","embeddable":true,"href":"https:\/\/letempsjadisauction.com\/en\/wp-json\/wp\/v2\/online_sale?post=9111"},{"taxonomy":"product_brand","embeddable":true,"href":"https:\/\/letempsjadisauction.com\/en\/wp-json\/wp\/v2\/product_brand?post=9111"},{"taxonomy":"product_cat","embeddable":true,"href":"https:\/\/letempsjadisauction.com\/en\/wp-json\/wp\/v2\/product_cat?post=9111"},{"taxonomy":"product_tag","embeddable":true,"href":"https:\/\/letempsjadisauction.com\/en\/wp-json\/wp\/v2\/product_tag?post=9111"}],"curies":[{"name":"wp","href":"https:\/\/api.w.org\/{rel}","templated":true}]}}