{"id":9139,"date":"2025-10-11T18:12:39","date_gmt":"2025-10-11T18:12:39","guid":{"rendered":"https:\/\/letempsjadisauction.com\/?post_type=product&#038;p=9139"},"modified":"2025-10-15T18:33:38","modified_gmt":"2025-10-15T18:33:38","slug":"85-vase-bleu-et-dore-vienne","status":"publish","type":"product","link":"https:\/\/letempsjadisauction.com\/en\/auction\/85-vase-bleu-et-dore-vienne\/","title":{"rendered":"85. Vase bleu et dor\u00e9, Vienne"},"content":{"rendered":"<p>Vienne, vase  bleu et dor\u00e9 \u00e0 d\u00e9cor de jeune femme, porcelaine, cachets 18 \u00d7 12 cm<\/p>","protected":false},"excerpt":{"rendered":"<p>Vase bleu et dor\u00e9, Vienne<\/p>","protected":false},"featured_media":8467,"template":"","meta":{"_acf_changed":false,"inline_featured_image":false},"online_sale":[62],"product_brand":[],"product_cat":[18],"product_tag":[],"class_list":{"0":"post-9139","1":"product","2":"type-product","3":"status-publish","4":"has-post-thumbnail","6":"online_sale-octobre-2025","7":"product_cat-non-classe","9":"first","10":"instock","11":"shipping-taxable","12":"purchasable","13":"product-type-auction"},"acf":[],"_links":{"self":[{"href":"https:\/\/letempsjadisauction.com\/en\/wp-json\/wp\/v2\/product\/9139","targetHints":{"allow":["GET"]}}],"collection":[{"href":"https:\/\/letempsjadisauction.com\/en\/wp-json\/wp\/v2\/product"}],"about":[{"href":"https:\/\/letempsjadisauction.com\/en\/wp-json\/wp\/v2\/types\/product"}],"wp:featuredmedia":[{"embeddable":true,"href":"https:\/\/letempsjadisauction.com\/en\/wp-json\/wp\/v2\/media\/8467"}],"wp:attachment":[{"href":"https:\/\/letempsjadisauction.com\/en\/wp-json\/wp\/v2\/media?parent=9139"}],"wp:term":[{"taxonomy":"online_sale","embeddable":true,"href":"https:\/\/letempsjadisauction.com\/en\/wp-json\/wp\/v2\/online_sale?post=9139"},{"taxonomy":"product_brand","embeddable":true,"href":"https:\/\/letempsjadisauction.com\/en\/wp-json\/wp\/v2\/product_brand?post=9139"},{"taxonomy":"product_cat","embeddable":true,"href":"https:\/\/letempsjadisauction.com\/en\/wp-json\/wp\/v2\/product_cat?post=9139"},{"taxonomy":"product_tag","embeddable":true,"href":"https:\/\/letempsjadisauction.com\/en\/wp-json\/wp\/v2\/product_tag?post=9139"}],"curies":[{"name":"wp","href":"https:\/\/api.w.org\/{rel}","templated":true}]}}