{"id":9144,"date":"2025-10-11T18:12:41","date_gmt":"2025-10-11T18:12:41","guid":{"rendered":"https:\/\/letempsjadisauction.com\/?post_type=product&#038;p=9144"},"modified":"2025-10-28T22:40:56","modified_gmt":"2025-10-28T22:40:56","slug":"90-pot-a-tabac-rappe","status":"publish","type":"product","link":"https:\/\/letempsjadisauction.com\/en\/auction\/90-pot-a-tabac-rappe\/","title":{"rendered":"90. Pot \u00e0 tabac Rapp\u00e9"},"content":{"rendered":"<p>Pot \u00e0 tabac \u2013 41 \u00d7 32 cm \u2013 Rapp\u00e9<\/p>","protected":false},"excerpt":{"rendered":"<p>Pot \u00e0 tabac Rapp\u00e9<\/p>","protected":false},"featured_media":8484,"template":"","meta":{"_acf_changed":false,"inline_featured_image":false},"online_sale":[62],"product_brand":[],"product_cat":[18],"product_tag":[],"class_list":{"0":"post-9144","1":"product","2":"type-product","3":"status-publish","4":"has-post-thumbnail","6":"online_sale-octobre-2025","7":"product_cat-non-classe","9":"first","10":"instock","11":"shipping-taxable","12":"purchasable","13":"product-type-auction"},"acf":[],"_links":{"self":[{"href":"https:\/\/letempsjadisauction.com\/en\/wp-json\/wp\/v2\/product\/9144","targetHints":{"allow":["GET"]}}],"collection":[{"href":"https:\/\/letempsjadisauction.com\/en\/wp-json\/wp\/v2\/product"}],"about":[{"href":"https:\/\/letempsjadisauction.com\/en\/wp-json\/wp\/v2\/types\/product"}],"wp:featuredmedia":[{"embeddable":true,"href":"https:\/\/letempsjadisauction.com\/en\/wp-json\/wp\/v2\/media\/8484"}],"wp:attachment":[{"href":"https:\/\/letempsjadisauction.com\/en\/wp-json\/wp\/v2\/media?parent=9144"}],"wp:term":[{"taxonomy":"online_sale","embeddable":true,"href":"https:\/\/letempsjadisauction.com\/en\/wp-json\/wp\/v2\/online_sale?post=9144"},{"taxonomy":"product_brand","embeddable":true,"href":"https:\/\/letempsjadisauction.com\/en\/wp-json\/wp\/v2\/product_brand?post=9144"},{"taxonomy":"product_cat","embeddable":true,"href":"https:\/\/letempsjadisauction.com\/en\/wp-json\/wp\/v2\/product_cat?post=9144"},{"taxonomy":"product_tag","embeddable":true,"href":"https:\/\/letempsjadisauction.com\/en\/wp-json\/wp\/v2\/product_tag?post=9144"}],"curies":[{"name":"wp","href":"https:\/\/api.w.org\/{rel}","templated":true}]}}