{"id":9153,"date":"2025-10-11T18:12:42","date_gmt":"2025-10-11T18:12:42","guid":{"rendered":"https:\/\/letempsjadisauction.com\/?post_type=product&#038;p=9153"},"modified":"2025-10-29T14:16:02","modified_gmt":"2025-10-29T14:16:02","slug":"99-tableau-delft-anvers","status":"publish","type":"product","link":"https:\/\/letempsjadisauction.com\/en\/auction\/99-tableau-delft-anvers\/","title":{"rendered":"99. Tableau Delft, Anvers"},"content":{"rendered":"<p>Delft, ensemble de dix carreaux \u00e0 d\u00e9cor en cama\u00efeu bleu, repr\u00e9sentant la ville d&rsquo;Anvers, faience peinte, 18eme si\u00e8cle, 59 x 46,5 cm<\/p>","protected":false},"excerpt":{"rendered":"<p>Tableau Delft, Anvers<\/p>","protected":false},"featured_media":8514,"template":"","meta":{"_acf_changed":false,"inline_featured_image":false},"online_sale":[62],"product_brand":[],"product_cat":[18],"product_tag":[],"class_list":{"0":"post-9153","1":"product","2":"type-product","3":"status-publish","4":"has-post-thumbnail","6":"online_sale-octobre-2025","7":"product_cat-non-classe","9":"first","10":"instock","11":"shipping-taxable","12":"purchasable","13":"product-type-auction"},"acf":[],"_links":{"self":[{"href":"https:\/\/letempsjadisauction.com\/en\/wp-json\/wp\/v2\/product\/9153","targetHints":{"allow":["GET"]}}],"collection":[{"href":"https:\/\/letempsjadisauction.com\/en\/wp-json\/wp\/v2\/product"}],"about":[{"href":"https:\/\/letempsjadisauction.com\/en\/wp-json\/wp\/v2\/types\/product"}],"wp:featuredmedia":[{"embeddable":true,"href":"https:\/\/letempsjadisauction.com\/en\/wp-json\/wp\/v2\/media\/8514"}],"wp:attachment":[{"href":"https:\/\/letempsjadisauction.com\/en\/wp-json\/wp\/v2\/media?parent=9153"}],"wp:term":[{"taxonomy":"online_sale","embeddable":true,"href":"https:\/\/letempsjadisauction.com\/en\/wp-json\/wp\/v2\/online_sale?post=9153"},{"taxonomy":"product_brand","embeddable":true,"href":"https:\/\/letempsjadisauction.com\/en\/wp-json\/wp\/v2\/product_brand?post=9153"},{"taxonomy":"product_cat","embeddable":true,"href":"https:\/\/letempsjadisauction.com\/en\/wp-json\/wp\/v2\/product_cat?post=9153"},{"taxonomy":"product_tag","embeddable":true,"href":"https:\/\/letempsjadisauction.com\/en\/wp-json\/wp\/v2\/product_tag?post=9153"}],"curies":[{"name":"wp","href":"https:\/\/api.w.org\/{rel}","templated":true}]}}