{"id":9155,"date":"2025-10-11T18:12:43","date_gmt":"2025-10-11T18:12:43","guid":{"rendered":"https:\/\/letempsjadisauction.com\/?post_type=product&#038;p=9155"},"modified":"2025-10-11T18:12:43","modified_gmt":"2025-10-11T18:12:43","slug":"101-pot-en-gres-a-biere","status":"publish","type":"product","link":"https:\/\/letempsjadisauction.com\/en\/auction\/101-pot-en-gres-a-biere\/","title":{"rendered":"101. Pot en gr\u00e8s \u00e0 bi\u00e8re"},"content":{"rendered":"<p>Pot \u00e0 bierre, gr\u00e8s, 18 x 15 x 9 cm<\/p>","protected":false},"excerpt":{"rendered":"<p>Pot en gr\u00e8s \u00e0 bi\u00e8re<\/p>","protected":false},"featured_media":8519,"template":"","meta":{"_acf_changed":false,"inline_featured_image":false},"online_sale":[62],"product_brand":[],"product_cat":[18],"product_tag":[],"class_list":{"0":"post-9155","1":"product","2":"type-product","3":"status-publish","4":"has-post-thumbnail","6":"online_sale-octobre-2025","7":"product_cat-non-classe","9":"first","10":"instock","11":"shipping-taxable","12":"purchasable","13":"product-type-auction"},"acf":[],"_links":{"self":[{"href":"https:\/\/letempsjadisauction.com\/en\/wp-json\/wp\/v2\/product\/9155","targetHints":{"allow":["GET"]}}],"collection":[{"href":"https:\/\/letempsjadisauction.com\/en\/wp-json\/wp\/v2\/product"}],"about":[{"href":"https:\/\/letempsjadisauction.com\/en\/wp-json\/wp\/v2\/types\/product"}],"wp:featuredmedia":[{"embeddable":true,"href":"https:\/\/letempsjadisauction.com\/en\/wp-json\/wp\/v2\/media\/8519"}],"wp:attachment":[{"href":"https:\/\/letempsjadisauction.com\/en\/wp-json\/wp\/v2\/media?parent=9155"}],"wp:term":[{"taxonomy":"online_sale","embeddable":true,"href":"https:\/\/letempsjadisauction.com\/en\/wp-json\/wp\/v2\/online_sale?post=9155"},{"taxonomy":"product_brand","embeddable":true,"href":"https:\/\/letempsjadisauction.com\/en\/wp-json\/wp\/v2\/product_brand?post=9155"},{"taxonomy":"product_cat","embeddable":true,"href":"https:\/\/letempsjadisauction.com\/en\/wp-json\/wp\/v2\/product_cat?post=9155"},{"taxonomy":"product_tag","embeddable":true,"href":"https:\/\/letempsjadisauction.com\/en\/wp-json\/wp\/v2\/product_tag?post=9155"}],"curies":[{"name":"wp","href":"https:\/\/api.w.org\/{rel}","templated":true}]}}