{"id":9160,"date":"2025-10-11T18:13:01","date_gmt":"2025-10-11T18:13:01","guid":{"rendered":"https:\/\/letempsjadisauction.com\/?post_type=product&#038;p=9160"},"modified":"2025-10-29T14:30:11","modified_gmt":"2025-10-29T14:30:11","slug":"106-piece-de-lampe-chinoise-a-decor-en-argent","status":"publish","type":"product","link":"https:\/\/letempsjadisauction.com\/en\/auction\/106-piece-de-lampe-chinoise-a-decor-en-argent\/","title":{"rendered":"106. Pi\u00e8ce de lampe chinoise \u00e0 d\u00e9cor d&rsquo;oiseaux"},"content":{"rendered":"<p>Porcelaine de Chine, deux vases \u00e0 d\u00e9cor d&rsquo;oiseaux mont\u00e9s en lampes, qianjiang cai, 19e-20e si\u00e8cle, 60 \u00d7 13 cm<\/p>","protected":false},"excerpt":{"rendered":"<p>Pi\u00e8ce de lampe chinoise \u00e0 d\u00e9cor d&rsquo;oiseaux<\/p>","protected":false},"featured_media":8538,"template":"","meta":{"_acf_changed":false,"inline_featured_image":false},"online_sale":[62],"product_brand":[],"product_cat":[18],"product_tag":[],"class_list":{"0":"post-9160","1":"product","2":"type-product","3":"status-publish","4":"has-post-thumbnail","6":"online_sale-octobre-2025","7":"product_cat-non-classe","9":"first","10":"instock","11":"shipping-taxable","12":"purchasable","13":"product-type-auction"},"acf":[],"_links":{"self":[{"href":"https:\/\/letempsjadisauction.com\/en\/wp-json\/wp\/v2\/product\/9160","targetHints":{"allow":["GET"]}}],"collection":[{"href":"https:\/\/letempsjadisauction.com\/en\/wp-json\/wp\/v2\/product"}],"about":[{"href":"https:\/\/letempsjadisauction.com\/en\/wp-json\/wp\/v2\/types\/product"}],"wp:featuredmedia":[{"embeddable":true,"href":"https:\/\/letempsjadisauction.com\/en\/wp-json\/wp\/v2\/media\/8538"}],"wp:attachment":[{"href":"https:\/\/letempsjadisauction.com\/en\/wp-json\/wp\/v2\/media?parent=9160"}],"wp:term":[{"taxonomy":"online_sale","embeddable":true,"href":"https:\/\/letempsjadisauction.com\/en\/wp-json\/wp\/v2\/online_sale?post=9160"},{"taxonomy":"product_brand","embeddable":true,"href":"https:\/\/letempsjadisauction.com\/en\/wp-json\/wp\/v2\/product_brand?post=9160"},{"taxonomy":"product_cat","embeddable":true,"href":"https:\/\/letempsjadisauction.com\/en\/wp-json\/wp\/v2\/product_cat?post=9160"},{"taxonomy":"product_tag","embeddable":true,"href":"https:\/\/letempsjadisauction.com\/en\/wp-json\/wp\/v2\/product_tag?post=9160"}],"curies":[{"name":"wp","href":"https:\/\/api.w.org\/{rel}","templated":true}]}}