{"id":9173,"date":"2025-10-11T18:13:01","date_gmt":"2025-10-11T18:13:01","guid":{"rendered":"https:\/\/letempsjadisauction.com\/?post_type=product&#038;p=9173"},"modified":"2025-10-29T14:04:11","modified_gmt":"2025-10-29T14:04:11","slug":"119-lanterne-magique-fin-xixe-debut-xxe-siecle","status":"publish","type":"product","link":"https:\/\/letempsjadisauction.com\/en\/auction\/119-lanterne-magique-fin-xixe-debut-xxe-siecle\/","title":{"rendered":"119. Lanterne magique, fin XIXe \u2013 d\u00e9but XXe si\u00e8cle"},"content":{"rendered":"<p>Lanterne magique, fin 19eme, d\u00e9but 20eme,  62 \u00d7 26 \u00d7 35 cm<\/p>","protected":false},"excerpt":{"rendered":"<p>Lanterne magique, fin XIXe \u2013 d\u00e9but XXe si\u00e8cle<\/p>","protected":false},"featured_media":8588,"template":"","meta":{"_acf_changed":false,"inline_featured_image":false},"online_sale":[62],"product_brand":[],"product_cat":[18],"product_tag":[],"class_list":{"0":"post-9173","1":"product","2":"type-product","3":"status-publish","4":"has-post-thumbnail","6":"online_sale-octobre-2025","7":"product_cat-non-classe","9":"first","10":"instock","11":"shipping-taxable","12":"purchasable","13":"product-type-auction"},"acf":[],"_links":{"self":[{"href":"https:\/\/letempsjadisauction.com\/en\/wp-json\/wp\/v2\/product\/9173","targetHints":{"allow":["GET"]}}],"collection":[{"href":"https:\/\/letempsjadisauction.com\/en\/wp-json\/wp\/v2\/product"}],"about":[{"href":"https:\/\/letempsjadisauction.com\/en\/wp-json\/wp\/v2\/types\/product"}],"wp:featuredmedia":[{"embeddable":true,"href":"https:\/\/letempsjadisauction.com\/en\/wp-json\/wp\/v2\/media\/8588"}],"wp:attachment":[{"href":"https:\/\/letempsjadisauction.com\/en\/wp-json\/wp\/v2\/media?parent=9173"}],"wp:term":[{"taxonomy":"online_sale","embeddable":true,"href":"https:\/\/letempsjadisauction.com\/en\/wp-json\/wp\/v2\/online_sale?post=9173"},{"taxonomy":"product_brand","embeddable":true,"href":"https:\/\/letempsjadisauction.com\/en\/wp-json\/wp\/v2\/product_brand?post=9173"},{"taxonomy":"product_cat","embeddable":true,"href":"https:\/\/letempsjadisauction.com\/en\/wp-json\/wp\/v2\/product_cat?post=9173"},{"taxonomy":"product_tag","embeddable":true,"href":"https:\/\/letempsjadisauction.com\/en\/wp-json\/wp\/v2\/product_tag?post=9173"}],"curies":[{"name":"wp","href":"https:\/\/api.w.org\/{rel}","templated":true}]}}