{"id":9178,"date":"2025-10-11T18:13:20","date_gmt":"2025-10-11T18:13:20","guid":{"rendered":"https:\/\/letempsjadisauction.com\/?post_type=product&#038;p=9178"},"modified":"2025-10-11T18:13:21","modified_gmt":"2025-10-11T18:13:21","slug":"124-table-ronde-porada-en-verre-et-bois-courbe","status":"publish","type":"product","link":"https:\/\/letempsjadisauction.com\/en\/auction\/124-table-ronde-porada-en-verre-et-bois-courbe\/","title":{"rendered":"124. Table ronde Porada en verre et bois courb\u00e9"},"content":{"rendered":"<p>Porada, table ronde \u00e0 plateau en verre reposant sur un pi\u00e9tement en bois courb\u00e9, accompagn\u00e9e de quatre chaises \u00e0 assise garnie de velours jaune, 140 diametre<\/p>","protected":false},"excerpt":{"rendered":"<p>Table ronde Porada en verre et bois courb\u00e9<\/p>","protected":false},"featured_media":8604,"template":"","meta":{"_acf_changed":false,"inline_featured_image":false},"online_sale":[62],"product_brand":[],"product_cat":[18],"product_tag":[],"class_list":{"0":"post-9178","1":"product","2":"type-product","3":"status-publish","4":"has-post-thumbnail","6":"online_sale-octobre-2025","7":"product_cat-non-classe","9":"first","10":"instock","11":"shipping-taxable","12":"purchasable","13":"product-type-auction"},"acf":[],"_links":{"self":[{"href":"https:\/\/letempsjadisauction.com\/en\/wp-json\/wp\/v2\/product\/9178","targetHints":{"allow":["GET"]}}],"collection":[{"href":"https:\/\/letempsjadisauction.com\/en\/wp-json\/wp\/v2\/product"}],"about":[{"href":"https:\/\/letempsjadisauction.com\/en\/wp-json\/wp\/v2\/types\/product"}],"wp:featuredmedia":[{"embeddable":true,"href":"https:\/\/letempsjadisauction.com\/en\/wp-json\/wp\/v2\/media\/8604"}],"wp:attachment":[{"href":"https:\/\/letempsjadisauction.com\/en\/wp-json\/wp\/v2\/media?parent=9178"}],"wp:term":[{"taxonomy":"online_sale","embeddable":true,"href":"https:\/\/letempsjadisauction.com\/en\/wp-json\/wp\/v2\/online_sale?post=9178"},{"taxonomy":"product_brand","embeddable":true,"href":"https:\/\/letempsjadisauction.com\/en\/wp-json\/wp\/v2\/product_brand?post=9178"},{"taxonomy":"product_cat","embeddable":true,"href":"https:\/\/letempsjadisauction.com\/en\/wp-json\/wp\/v2\/product_cat?post=9178"},{"taxonomy":"product_tag","embeddable":true,"href":"https:\/\/letempsjadisauction.com\/en\/wp-json\/wp\/v2\/product_tag?post=9178"}],"curies":[{"name":"wp","href":"https:\/\/api.w.org\/{rel}","templated":true}]}}