{"id":9181,"date":"2025-10-11T18:13:23","date_gmt":"2025-10-11T18:13:23","guid":{"rendered":"https:\/\/letempsjadisauction.com\/?post_type=product&#038;p=9181"},"modified":"2025-10-11T18:13:23","modified_gmt":"2025-10-11T18:13:23","slug":"127-cartel-et-paire-de-candelabres-style-louis-xiv-thuret-a-paris","status":"publish","type":"product","link":"https:\/\/letempsjadisauction.com\/en\/auction\/127-cartel-et-paire-de-candelabres-style-louis-xiv-thuret-a-paris\/","title":{"rendered":"127. Cartel et paire de cand\u00e9labres, style Louis XIV, Thuret \u00e0 Paris"},"content":{"rendered":"<p>Cartel et paire de cand\u00e9labres, bronze dor\u00e9 et marqueterie Boulle, style Louis XIV, plaquette Thuret \u00e0 Paris,  H. 87 cm<\/p>","protected":false},"excerpt":{"rendered":"<p>Cartel et paire de cand\u00e9labres, style Louis XIV, Thuret \u00e0 Paris<\/p>","protected":false},"featured_media":8609,"template":"","meta":{"_acf_changed":false,"inline_featured_image":false},"online_sale":[62],"product_brand":[],"product_cat":[18],"product_tag":[],"class_list":{"0":"post-9181","1":"product","2":"type-product","3":"status-publish","4":"has-post-thumbnail","6":"online_sale-octobre-2025","7":"product_cat-non-classe","9":"first","10":"instock","11":"shipping-taxable","12":"purchasable","13":"product-type-auction"},"acf":[],"_links":{"self":[{"href":"https:\/\/letempsjadisauction.com\/en\/wp-json\/wp\/v2\/product\/9181","targetHints":{"allow":["GET"]}}],"collection":[{"href":"https:\/\/letempsjadisauction.com\/en\/wp-json\/wp\/v2\/product"}],"about":[{"href":"https:\/\/letempsjadisauction.com\/en\/wp-json\/wp\/v2\/types\/product"}],"wp:featuredmedia":[{"embeddable":true,"href":"https:\/\/letempsjadisauction.com\/en\/wp-json\/wp\/v2\/media\/8609"}],"wp:attachment":[{"href":"https:\/\/letempsjadisauction.com\/en\/wp-json\/wp\/v2\/media?parent=9181"}],"wp:term":[{"taxonomy":"online_sale","embeddable":true,"href":"https:\/\/letempsjadisauction.com\/en\/wp-json\/wp\/v2\/online_sale?post=9181"},{"taxonomy":"product_brand","embeddable":true,"href":"https:\/\/letempsjadisauction.com\/en\/wp-json\/wp\/v2\/product_brand?post=9181"},{"taxonomy":"product_cat","embeddable":true,"href":"https:\/\/letempsjadisauction.com\/en\/wp-json\/wp\/v2\/product_cat?post=9181"},{"taxonomy":"product_tag","embeddable":true,"href":"https:\/\/letempsjadisauction.com\/en\/wp-json\/wp\/v2\/product_tag?post=9181"}],"curies":[{"name":"wp","href":"https:\/\/api.w.org\/{rel}","templated":true}]}}