{"id":9183,"date":"2025-10-11T18:13:22","date_gmt":"2025-10-11T18:13:22","guid":{"rendered":"https:\/\/letempsjadisauction.com\/?post_type=product&#038;p=9183"},"modified":"2025-10-29T15:16:02","modified_gmt":"2025-10-29T15:16:02","slug":"129-miroir-ovale-en-bois-dore-a-guirlandes-fleuries","status":"publish","type":"product","link":"https:\/\/letempsjadisauction.com\/en\/auction\/129-miroir-ovale-en-bois-dore-a-guirlandes-fleuries\/","title":{"rendered":"129. Miroir ovale en bois dor\u00e9 \u00e0 guirlandes fleuries"},"content":{"rendered":"<p>Miroir ovale \u00e0 d\u00e9cor de guirlandes fleuries, bois dor\u00e9, 87 x 107 cm<\/p>","protected":false},"excerpt":{"rendered":"<p>Miroir ovale en bois dor\u00e9 \u00e0 guirlandes fleuries<\/p>","protected":false},"featured_media":8624,"template":"","meta":{"_acf_changed":false,"inline_featured_image":false},"online_sale":[62],"product_brand":[],"product_cat":[18],"product_tag":[],"class_list":{"0":"post-9183","1":"product","2":"type-product","3":"status-publish","4":"has-post-thumbnail","6":"online_sale-octobre-2025","7":"product_cat-non-classe","9":"first","10":"instock","11":"shipping-taxable","12":"purchasable","13":"product-type-auction"},"acf":[],"_links":{"self":[{"href":"https:\/\/letempsjadisauction.com\/en\/wp-json\/wp\/v2\/product\/9183","targetHints":{"allow":["GET"]}}],"collection":[{"href":"https:\/\/letempsjadisauction.com\/en\/wp-json\/wp\/v2\/product"}],"about":[{"href":"https:\/\/letempsjadisauction.com\/en\/wp-json\/wp\/v2\/types\/product"}],"wp:featuredmedia":[{"embeddable":true,"href":"https:\/\/letempsjadisauction.com\/en\/wp-json\/wp\/v2\/media\/8624"}],"wp:attachment":[{"href":"https:\/\/letempsjadisauction.com\/en\/wp-json\/wp\/v2\/media?parent=9183"}],"wp:term":[{"taxonomy":"online_sale","embeddable":true,"href":"https:\/\/letempsjadisauction.com\/en\/wp-json\/wp\/v2\/online_sale?post=9183"},{"taxonomy":"product_brand","embeddable":true,"href":"https:\/\/letempsjadisauction.com\/en\/wp-json\/wp\/v2\/product_brand?post=9183"},{"taxonomy":"product_cat","embeddable":true,"href":"https:\/\/letempsjadisauction.com\/en\/wp-json\/wp\/v2\/product_cat?post=9183"},{"taxonomy":"product_tag","embeddable":true,"href":"https:\/\/letempsjadisauction.com\/en\/wp-json\/wp\/v2\/product_tag?post=9183"}],"curies":[{"name":"wp","href":"https:\/\/api.w.org\/{rel}","templated":true}]}}