{"id":9185,"date":"2025-10-11T18:13:22","date_gmt":"2025-10-11T18:13:22","guid":{"rendered":"https:\/\/letempsjadisauction.com\/?post_type=product&#038;p=9185"},"modified":"2025-10-29T15:20:02","modified_gmt":"2025-10-29T15:20:02","slug":"131-psyche-en-bois-sombre-incruste-de-nacre","status":"publish","type":"product","link":"https:\/\/letempsjadisauction.com\/en\/auction\/131-psyche-en-bois-sombre-incruste-de-nacre\/","title":{"rendered":"131. Psych\u00e9 en bois sombre incrust\u00e9 de nacre"},"content":{"rendered":"<p>Psych\u00e9, bois sombre incrust\u00e9 de nacre, 188 x 84 cm<\/p>","protected":false},"excerpt":{"rendered":"<p>Psych\u00e9 en bois sombre incrust\u00e9 de nacre<\/p>","protected":false},"featured_media":8619,"template":"","meta":{"_acf_changed":false,"inline_featured_image":false},"online_sale":[62],"product_brand":[],"product_cat":[18],"product_tag":[],"class_list":{"0":"post-9185","1":"product","2":"type-product","3":"status-publish","4":"has-post-thumbnail","6":"online_sale-octobre-2025","7":"product_cat-non-classe","9":"first","10":"instock","11":"shipping-taxable","12":"purchasable","13":"product-type-auction"},"acf":[],"_links":{"self":[{"href":"https:\/\/letempsjadisauction.com\/en\/wp-json\/wp\/v2\/product\/9185","targetHints":{"allow":["GET"]}}],"collection":[{"href":"https:\/\/letempsjadisauction.com\/en\/wp-json\/wp\/v2\/product"}],"about":[{"href":"https:\/\/letempsjadisauction.com\/en\/wp-json\/wp\/v2\/types\/product"}],"wp:featuredmedia":[{"embeddable":true,"href":"https:\/\/letempsjadisauction.com\/en\/wp-json\/wp\/v2\/media\/8619"}],"wp:attachment":[{"href":"https:\/\/letempsjadisauction.com\/en\/wp-json\/wp\/v2\/media?parent=9185"}],"wp:term":[{"taxonomy":"online_sale","embeddable":true,"href":"https:\/\/letempsjadisauction.com\/en\/wp-json\/wp\/v2\/online_sale?post=9185"},{"taxonomy":"product_brand","embeddable":true,"href":"https:\/\/letempsjadisauction.com\/en\/wp-json\/wp\/v2\/product_brand?post=9185"},{"taxonomy":"product_cat","embeddable":true,"href":"https:\/\/letempsjadisauction.com\/en\/wp-json\/wp\/v2\/product_cat?post=9185"},{"taxonomy":"product_tag","embeddable":true,"href":"https:\/\/letempsjadisauction.com\/en\/wp-json\/wp\/v2\/product_tag?post=9185"}],"curies":[{"name":"wp","href":"https:\/\/api.w.org\/{rel}","templated":true}]}}