{"id":9186,"date":"2025-10-11T18:13:22","date_gmt":"2025-10-11T18:13:22","guid":{"rendered":"https:\/\/letempsjadisauction.com\/?post_type=product&#038;p=9186"},"modified":"2025-10-29T15:22:31","modified_gmt":"2025-10-29T15:22:31","slug":"132-plaque-emaillee-tabacs-barnich","status":"publish","type":"product","link":"https:\/\/letempsjadisauction.com\/en\/auction\/132-plaque-emaillee-tabacs-barnich\/","title":{"rendered":"132. Plaque \u00e9maill\u00e9e Tabacs Barnich"},"content":{"rendered":"<p>Tabacs Barnich, plaque emaill\u00e9e, 52 x 31 cm<\/p>","protected":false},"excerpt":{"rendered":"<p>Plaque \u00e9maill\u00e9e Tabacs Barnich<\/p>","protected":false},"featured_media":9271,"template":"","meta":{"_acf_changed":false,"inline_featured_image":false},"online_sale":[62],"product_brand":[],"product_cat":[18],"product_tag":[],"class_list":{"0":"post-9186","1":"product","2":"type-product","3":"status-publish","4":"has-post-thumbnail","6":"online_sale-octobre-2025","7":"product_cat-non-classe","9":"first","10":"instock","11":"shipping-taxable","12":"purchasable","13":"product-type-auction"},"acf":[],"_links":{"self":[{"href":"https:\/\/letempsjadisauction.com\/en\/wp-json\/wp\/v2\/product\/9186","targetHints":{"allow":["GET"]}}],"collection":[{"href":"https:\/\/letempsjadisauction.com\/en\/wp-json\/wp\/v2\/product"}],"about":[{"href":"https:\/\/letempsjadisauction.com\/en\/wp-json\/wp\/v2\/types\/product"}],"wp:featuredmedia":[{"embeddable":true,"href":"https:\/\/letempsjadisauction.com\/en\/wp-json\/wp\/v2\/media\/9271"}],"wp:attachment":[{"href":"https:\/\/letempsjadisauction.com\/en\/wp-json\/wp\/v2\/media?parent=9186"}],"wp:term":[{"taxonomy":"online_sale","embeddable":true,"href":"https:\/\/letempsjadisauction.com\/en\/wp-json\/wp\/v2\/online_sale?post=9186"},{"taxonomy":"product_brand","embeddable":true,"href":"https:\/\/letempsjadisauction.com\/en\/wp-json\/wp\/v2\/product_brand?post=9186"},{"taxonomy":"product_cat","embeddable":true,"href":"https:\/\/letempsjadisauction.com\/en\/wp-json\/wp\/v2\/product_cat?post=9186"},{"taxonomy":"product_tag","embeddable":true,"href":"https:\/\/letempsjadisauction.com\/en\/wp-json\/wp\/v2\/product_tag?post=9186"}],"curies":[{"name":"wp","href":"https:\/\/api.w.org\/{rel}","templated":true}]}}