{"id":9190,"date":"2025-10-11T18:13:24","date_gmt":"2025-10-11T18:13:24","guid":{"rendered":"https:\/\/letempsjadisauction.com\/?post_type=product&#038;p=9190"},"modified":"2025-10-29T15:30:17","modified_gmt":"2025-10-29T15:30:17","slug":"136-miroir-rectangulaire","status":"publish","type":"product","link":"https:\/\/letempsjadisauction.com\/en\/auction\/136-miroir-rectangulaire\/","title":{"rendered":"136. Miroir rococo en bois dor\u00e9"},"content":{"rendered":"<p>Miroir de style Rococo \u00e0 riche d\u00e9cor feuillag\u00e9 et coquille ajour\u00e9e, bois dor\u00e9, 92 x 57 cm<\/p>","protected":false},"excerpt":{"rendered":"<p>Miroir rococo en bois dor\u00e9<\/p>","protected":false},"featured_media":9318,"template":"","meta":{"_acf_changed":false,"inline_featured_image":false},"online_sale":[62],"product_brand":[],"product_cat":[18],"product_tag":[],"class_list":{"0":"post-9190","1":"product","2":"type-product","3":"status-publish","4":"has-post-thumbnail","6":"online_sale-octobre-2025","7":"product_cat-non-classe","9":"first","10":"instock","11":"shipping-taxable","12":"purchasable","13":"product-type-auction"},"acf":[],"_links":{"self":[{"href":"https:\/\/letempsjadisauction.com\/en\/wp-json\/wp\/v2\/product\/9190","targetHints":{"allow":["GET"]}}],"collection":[{"href":"https:\/\/letempsjadisauction.com\/en\/wp-json\/wp\/v2\/product"}],"about":[{"href":"https:\/\/letempsjadisauction.com\/en\/wp-json\/wp\/v2\/types\/product"}],"wp:featuredmedia":[{"embeddable":true,"href":"https:\/\/letempsjadisauction.com\/en\/wp-json\/wp\/v2\/media\/9318"}],"wp:attachment":[{"href":"https:\/\/letempsjadisauction.com\/en\/wp-json\/wp\/v2\/media?parent=9190"}],"wp:term":[{"taxonomy":"online_sale","embeddable":true,"href":"https:\/\/letempsjadisauction.com\/en\/wp-json\/wp\/v2\/online_sale?post=9190"},{"taxonomy":"product_brand","embeddable":true,"href":"https:\/\/letempsjadisauction.com\/en\/wp-json\/wp\/v2\/product_brand?post=9190"},{"taxonomy":"product_cat","embeddable":true,"href":"https:\/\/letempsjadisauction.com\/en\/wp-json\/wp\/v2\/product_cat?post=9190"},{"taxonomy":"product_tag","embeddable":true,"href":"https:\/\/letempsjadisauction.com\/en\/wp-json\/wp\/v2\/product_tag?post=9190"}],"curies":[{"name":"wp","href":"https:\/\/api.w.org\/{rel}","templated":true}]}}