{"id":9191,"date":"2025-10-11T18:13:24","date_gmt":"2025-10-11T18:13:24","guid":{"rendered":"https:\/\/letempsjadisauction.com\/?post_type=product&#038;p=9191"},"modified":"2025-10-29T15:32:02","modified_gmt":"2025-10-29T15:32:02","slug":"137-cartel-au-char-dapollon-bronze-dore-et-marqueterie-boulle","status":"publish","type":"product","link":"https:\/\/letempsjadisauction.com\/en\/auction\/137-cartel-au-char-dapollon-bronze-dore-et-marqueterie-boulle\/","title":{"rendered":"137. Cartel au char d\u2019Apollon, bronze dor\u00e9 et marqueterie Boulle"},"content":{"rendered":"<p>Cartel et son cul-de-lampe, orn\u00e9 d&rsquo;un relief repr\u00e9sentant le char d&rsquo;Apollon, surmont\u00e9 d&rsquo;une divinit\u00e9 drap\u00e9e, cadran \u00e0 cartouches \u00e9maill\u00e9es bleues et blanches, bronze dor\u00e9 et marqueterie Boulle, H. 82 cm<\/p>","protected":false},"excerpt":{"rendered":"<p>Cartel au char d\u2019Apollon, bronze dor\u00e9 et marqueterie Boulle<\/p>","protected":false},"featured_media":8626,"template":"","meta":{"_acf_changed":false,"inline_featured_image":false},"online_sale":[62],"product_brand":[],"product_cat":[18],"product_tag":[],"class_list":{"0":"post-9191","1":"product","2":"type-product","3":"status-publish","4":"has-post-thumbnail","6":"online_sale-octobre-2025","7":"product_cat-non-classe","9":"first","10":"instock","11":"shipping-taxable","12":"purchasable","13":"product-type-auction"},"acf":[],"_links":{"self":[{"href":"https:\/\/letempsjadisauction.com\/en\/wp-json\/wp\/v2\/product\/9191","targetHints":{"allow":["GET"]}}],"collection":[{"href":"https:\/\/letempsjadisauction.com\/en\/wp-json\/wp\/v2\/product"}],"about":[{"href":"https:\/\/letempsjadisauction.com\/en\/wp-json\/wp\/v2\/types\/product"}],"wp:featuredmedia":[{"embeddable":true,"href":"https:\/\/letempsjadisauction.com\/en\/wp-json\/wp\/v2\/media\/8626"}],"wp:attachment":[{"href":"https:\/\/letempsjadisauction.com\/en\/wp-json\/wp\/v2\/media?parent=9191"}],"wp:term":[{"taxonomy":"online_sale","embeddable":true,"href":"https:\/\/letempsjadisauction.com\/en\/wp-json\/wp\/v2\/online_sale?post=9191"},{"taxonomy":"product_brand","embeddable":true,"href":"https:\/\/letempsjadisauction.com\/en\/wp-json\/wp\/v2\/product_brand?post=9191"},{"taxonomy":"product_cat","embeddable":true,"href":"https:\/\/letempsjadisauction.com\/en\/wp-json\/wp\/v2\/product_cat?post=9191"},{"taxonomy":"product_tag","embeddable":true,"href":"https:\/\/letempsjadisauction.com\/en\/wp-json\/wp\/v2\/product_tag?post=9191"}],"curies":[{"name":"wp","href":"https:\/\/api.w.org\/{rel}","templated":true}]}}