{"id":9202,"date":"2025-10-11T18:13:58","date_gmt":"2025-10-11T18:13:58","guid":{"rendered":"https:\/\/letempsjadisauction.com\/?post_type=product&#038;p=9202"},"modified":"2025-10-29T15:54:00","modified_gmt":"2025-10-29T15:54:00","slug":"148-la-poissoniere-huile-sur-toile-anonyme","status":"publish","type":"product","link":"https:\/\/letempsjadisauction.com\/en\/auction\/148-la-poissoniere-huile-sur-toile-anonyme\/","title":{"rendered":"148. La poissonni\u00e8re, huile sur toile, anonyme"},"content":{"rendered":"<p>Anonyme, la poissonni\u00e8re, huile sur toile, 63 x 103 cm. Attribu\u00e9 \u00e0 Jesus Fuertes, provient du m\u00eame ensemble<\/p>","protected":false},"excerpt":{"rendered":"<p>La poissonni\u00e8re, huile sur toile, anonyme<\/p>","protected":false},"featured_media":8656,"template":"","meta":{"_acf_changed":false,"inline_featured_image":false},"online_sale":[62],"product_brand":[],"product_cat":[18],"product_tag":[],"class_list":{"0":"post-9202","1":"product","2":"type-product","3":"status-publish","4":"has-post-thumbnail","6":"online_sale-octobre-2025","7":"product_cat-non-classe","9":"first","10":"instock","11":"shipping-taxable","12":"purchasable","13":"product-type-auction"},"acf":[],"_links":{"self":[{"href":"https:\/\/letempsjadisauction.com\/en\/wp-json\/wp\/v2\/product\/9202","targetHints":{"allow":["GET"]}}],"collection":[{"href":"https:\/\/letempsjadisauction.com\/en\/wp-json\/wp\/v2\/product"}],"about":[{"href":"https:\/\/letempsjadisauction.com\/en\/wp-json\/wp\/v2\/types\/product"}],"wp:featuredmedia":[{"embeddable":true,"href":"https:\/\/letempsjadisauction.com\/en\/wp-json\/wp\/v2\/media\/8656"}],"wp:attachment":[{"href":"https:\/\/letempsjadisauction.com\/en\/wp-json\/wp\/v2\/media?parent=9202"}],"wp:term":[{"taxonomy":"online_sale","embeddable":true,"href":"https:\/\/letempsjadisauction.com\/en\/wp-json\/wp\/v2\/online_sale?post=9202"},{"taxonomy":"product_brand","embeddable":true,"href":"https:\/\/letempsjadisauction.com\/en\/wp-json\/wp\/v2\/product_brand?post=9202"},{"taxonomy":"product_cat","embeddable":true,"href":"https:\/\/letempsjadisauction.com\/en\/wp-json\/wp\/v2\/product_cat?post=9202"},{"taxonomy":"product_tag","embeddable":true,"href":"https:\/\/letempsjadisauction.com\/en\/wp-json\/wp\/v2\/product_tag?post=9202"}],"curies":[{"name":"wp","href":"https:\/\/api.w.org\/{rel}","templated":true}]}}