{"id":9210,"date":"2025-10-11T18:14:00","date_gmt":"2025-10-11T18:14:00","guid":{"rendered":"https:\/\/letempsjadisauction.com\/?post_type=product&#038;p=9210"},"modified":"2025-10-29T16:10:01","modified_gmt":"2025-10-29T16:10:01","slug":"156-dionys-verburg-paysage-montagneux-anime-huile-sur-panneau","status":"publish","type":"product","link":"https:\/\/letempsjadisauction.com\/en\/auction\/156-dionys-verburg-paysage-montagneux-anime-huile-sur-panneau\/","title":{"rendered":"156. Dionys Verburg, Paysage montagneux anim\u00e9, huile sur panneau"},"content":{"rendered":"<p>Dionys Verburg (Rotterdam, 1636\/37 &#8211; Rotterdam, 1722) , Paysage montagneux anim\u00e9 par des sc\u00e8nes de vie villageoises, huile sur panneau, marque incis\u00e9e du pannautier, dimensions : 82 x 59 cm<\/p>","protected":false},"excerpt":{"rendered":"<p>Dionys Verburg, Paysage montagneux anim\u00e9, huile sur panneau<\/p>","protected":false},"featured_media":9295,"template":"","meta":{"_acf_changed":false,"inline_featured_image":false},"online_sale":[62],"product_brand":[],"product_cat":[18],"product_tag":[],"class_list":{"0":"post-9210","1":"product","2":"type-product","3":"status-publish","4":"has-post-thumbnail","6":"online_sale-octobre-2025","7":"product_cat-non-classe","9":"first","10":"instock","11":"shipping-taxable","12":"purchasable","13":"product-type-auction"},"acf":[],"_links":{"self":[{"href":"https:\/\/letempsjadisauction.com\/en\/wp-json\/wp\/v2\/product\/9210","targetHints":{"allow":["GET"]}}],"collection":[{"href":"https:\/\/letempsjadisauction.com\/en\/wp-json\/wp\/v2\/product"}],"about":[{"href":"https:\/\/letempsjadisauction.com\/en\/wp-json\/wp\/v2\/types\/product"}],"wp:featuredmedia":[{"embeddable":true,"href":"https:\/\/letempsjadisauction.com\/en\/wp-json\/wp\/v2\/media\/9295"}],"wp:attachment":[{"href":"https:\/\/letempsjadisauction.com\/en\/wp-json\/wp\/v2\/media?parent=9210"}],"wp:term":[{"taxonomy":"online_sale","embeddable":true,"href":"https:\/\/letempsjadisauction.com\/en\/wp-json\/wp\/v2\/online_sale?post=9210"},{"taxonomy":"product_brand","embeddable":true,"href":"https:\/\/letempsjadisauction.com\/en\/wp-json\/wp\/v2\/product_brand?post=9210"},{"taxonomy":"product_cat","embeddable":true,"href":"https:\/\/letempsjadisauction.com\/en\/wp-json\/wp\/v2\/product_cat?post=9210"},{"taxonomy":"product_tag","embeddable":true,"href":"https:\/\/letempsjadisauction.com\/en\/wp-json\/wp\/v2\/product_tag?post=9210"}],"curies":[{"name":"wp","href":"https:\/\/api.w.org\/{rel}","templated":true}]}}