{"id":9211,"date":"2025-10-11T18:14:00","date_gmt":"2025-10-11T18:14:00","guid":{"rendered":"https:\/\/letempsjadisauction.com\/?post_type=product&#038;p=9211"},"modified":"2025-10-29T16:12:01","modified_gmt":"2025-10-29T16:12:01","slug":"157-portrait-du-cardinal-robertus-ellarmino-anonyme","status":"publish","type":"product","link":"https:\/\/letempsjadisauction.com\/en\/auction\/157-portrait-du-cardinal-robertus-ellarmino-anonyme\/","title":{"rendered":"157. Portrait du cardinal Robertus Ellarmino, anonyme"},"content":{"rendered":"<p>Anonyme, portrait du cardinal S. Robertus Ellarmino, 19e si\u00e8cle, 62 \u00d7 54 cm, 68 \u00d7 89 cm avec cadre<\/p>","protected":false},"excerpt":{"rendered":"<p>Portrait du cardinal Robertus Ellarmino, anonyme<\/p>","protected":false},"featured_media":8671,"template":"","meta":{"_acf_changed":false,"inline_featured_image":false},"online_sale":[62],"product_brand":[],"product_cat":[18],"product_tag":[],"class_list":{"0":"post-9211","1":"product","2":"type-product","3":"status-publish","4":"has-post-thumbnail","6":"online_sale-octobre-2025","7":"product_cat-non-classe","9":"first","10":"instock","11":"shipping-taxable","12":"purchasable","13":"product-type-auction"},"acf":[],"_links":{"self":[{"href":"https:\/\/letempsjadisauction.com\/en\/wp-json\/wp\/v2\/product\/9211","targetHints":{"allow":["GET"]}}],"collection":[{"href":"https:\/\/letempsjadisauction.com\/en\/wp-json\/wp\/v2\/product"}],"about":[{"href":"https:\/\/letempsjadisauction.com\/en\/wp-json\/wp\/v2\/types\/product"}],"wp:featuredmedia":[{"embeddable":true,"href":"https:\/\/letempsjadisauction.com\/en\/wp-json\/wp\/v2\/media\/8671"}],"wp:attachment":[{"href":"https:\/\/letempsjadisauction.com\/en\/wp-json\/wp\/v2\/media?parent=9211"}],"wp:term":[{"taxonomy":"online_sale","embeddable":true,"href":"https:\/\/letempsjadisauction.com\/en\/wp-json\/wp\/v2\/online_sale?post=9211"},{"taxonomy":"product_brand","embeddable":true,"href":"https:\/\/letempsjadisauction.com\/en\/wp-json\/wp\/v2\/product_brand?post=9211"},{"taxonomy":"product_cat","embeddable":true,"href":"https:\/\/letempsjadisauction.com\/en\/wp-json\/wp\/v2\/product_cat?post=9211"},{"taxonomy":"product_tag","embeddable":true,"href":"https:\/\/letempsjadisauction.com\/en\/wp-json\/wp\/v2\/product_tag?post=9211"}],"curies":[{"name":"wp","href":"https:\/\/api.w.org\/{rel}","templated":true}]}}