{"id":9212,"date":"2025-10-11T18:14:00","date_gmt":"2025-10-11T18:14:00","guid":{"rendered":"https:\/\/letempsjadisauction.com\/?post_type=product&#038;p=9212"},"modified":"2025-10-29T16:14:02","modified_gmt":"2025-10-29T16:14:02","slug":"158-philippe-swyncop-portrait-de-femme-pierre-noire-et-rehaut-de-craie","status":"publish","type":"product","link":"https:\/\/letempsjadisauction.com\/en\/auction\/158-philippe-swyncop-portrait-de-femme-pierre-noire-et-rehaut-de-craie\/","title":{"rendered":"158. Philippe Swyncop, Portrait de femme, pierre noire et rehaut de craie"},"content":{"rendered":"<p>Philippe Swyncop (1878-1949), Portrait de femme, pierre noire et rehaut de craie et de crayon, 1918, 46 \u00d7 61 cm \u00e0 vue, 56 \u00d7 70 cm<\/p>","protected":false},"excerpt":{"rendered":"<p>Philippe Swyncop, Portrait de femme, pierre noire et rehaut de craie<\/p>","protected":false},"featured_media":8675,"template":"","meta":{"_acf_changed":false,"inline_featured_image":false},"online_sale":[62],"product_brand":[],"product_cat":[18],"product_tag":[],"class_list":{"0":"post-9212","1":"product","2":"type-product","3":"status-publish","4":"has-post-thumbnail","6":"online_sale-octobre-2025","7":"product_cat-non-classe","9":"first","10":"instock","11":"shipping-taxable","12":"purchasable","13":"product-type-auction"},"acf":[],"_links":{"self":[{"href":"https:\/\/letempsjadisauction.com\/en\/wp-json\/wp\/v2\/product\/9212","targetHints":{"allow":["GET"]}}],"collection":[{"href":"https:\/\/letempsjadisauction.com\/en\/wp-json\/wp\/v2\/product"}],"about":[{"href":"https:\/\/letempsjadisauction.com\/en\/wp-json\/wp\/v2\/types\/product"}],"wp:featuredmedia":[{"embeddable":true,"href":"https:\/\/letempsjadisauction.com\/en\/wp-json\/wp\/v2\/media\/8675"}],"wp:attachment":[{"href":"https:\/\/letempsjadisauction.com\/en\/wp-json\/wp\/v2\/media?parent=9212"}],"wp:term":[{"taxonomy":"online_sale","embeddable":true,"href":"https:\/\/letempsjadisauction.com\/en\/wp-json\/wp\/v2\/online_sale?post=9212"},{"taxonomy":"product_brand","embeddable":true,"href":"https:\/\/letempsjadisauction.com\/en\/wp-json\/wp\/v2\/product_brand?post=9212"},{"taxonomy":"product_cat","embeddable":true,"href":"https:\/\/letempsjadisauction.com\/en\/wp-json\/wp\/v2\/product_cat?post=9212"},{"taxonomy":"product_tag","embeddable":true,"href":"https:\/\/letempsjadisauction.com\/en\/wp-json\/wp\/v2\/product_tag?post=9212"}],"curies":[{"name":"wp","href":"https:\/\/api.w.org\/{rel}","templated":true}]}}