{"id":9213,"date":"2025-10-11T18:14:00","date_gmt":"2025-10-11T18:14:00","guid":{"rendered":"https:\/\/letempsjadisauction.com\/?post_type=product&#038;p=9213"},"modified":"2025-10-29T16:16:01","modified_gmt":"2025-10-29T16:16:01","slug":"159-gera-zorad-scene-animee-dans-la-campagne","status":"publish","type":"product","link":"https:\/\/letempsjadisauction.com\/en\/auction\/159-gera-zorad-scene-animee-dans-la-campagne\/","title":{"rendered":"159. G\u00e9ra Zorad, Sc\u00e8ne anim\u00e9e dans la campagne"},"content":{"rendered":"<p>G\u00e9ra Zorad (1896 &#8211; 1959), \u00e9cole hongroise, sc\u00e8ne anim\u00e9e dans la campagne, huile sur toile, 75 \u00d7 55 cm, 89 \u00d7 74 cm avec cadre<\/p>","protected":false},"excerpt":{"rendered":"<p>G\u00e9ra Zorad, Sc\u00e8ne anim\u00e9e dans la campagne<\/p>","protected":false},"featured_media":8676,"template":"","meta":{"_acf_changed":false,"inline_featured_image":false},"online_sale":[62],"product_brand":[],"product_cat":[18],"product_tag":[],"class_list":{"0":"post-9213","1":"product","2":"type-product","3":"status-publish","4":"has-post-thumbnail","6":"online_sale-octobre-2025","7":"product_cat-non-classe","9":"first","10":"instock","11":"shipping-taxable","12":"purchasable","13":"product-type-auction"},"acf":[],"_links":{"self":[{"href":"https:\/\/letempsjadisauction.com\/en\/wp-json\/wp\/v2\/product\/9213","targetHints":{"allow":["GET"]}}],"collection":[{"href":"https:\/\/letempsjadisauction.com\/en\/wp-json\/wp\/v2\/product"}],"about":[{"href":"https:\/\/letempsjadisauction.com\/en\/wp-json\/wp\/v2\/types\/product"}],"wp:featuredmedia":[{"embeddable":true,"href":"https:\/\/letempsjadisauction.com\/en\/wp-json\/wp\/v2\/media\/8676"}],"wp:attachment":[{"href":"https:\/\/letempsjadisauction.com\/en\/wp-json\/wp\/v2\/media?parent=9213"}],"wp:term":[{"taxonomy":"online_sale","embeddable":true,"href":"https:\/\/letempsjadisauction.com\/en\/wp-json\/wp\/v2\/online_sale?post=9213"},{"taxonomy":"product_brand","embeddable":true,"href":"https:\/\/letempsjadisauction.com\/en\/wp-json\/wp\/v2\/product_brand?post=9213"},{"taxonomy":"product_cat","embeddable":true,"href":"https:\/\/letempsjadisauction.com\/en\/wp-json\/wp\/v2\/product_cat?post=9213"},{"taxonomy":"product_tag","embeddable":true,"href":"https:\/\/letempsjadisauction.com\/en\/wp-json\/wp\/v2\/product_tag?post=9213"}],"curies":[{"name":"wp","href":"https:\/\/api.w.org\/{rel}","templated":true}]}}